{"id":1276,"date":"2020-12-07T10:45:11","date_gmt":"2020-12-07T09:45:11","guid":{"rendered":"https:\/\/yogaparaelcambio.com\/?page_id=1276"},"modified":"2023-03-23T14:59:33","modified_gmt":"2023-03-23T13:59:33","slug":"sesiones-individuales","status":"publish","type":"page","link":"https:\/\/yogaparaelcambio.com\/en\/sesiones-individuales","title":{"rendered":"Private sessions"},"content":{"rendered":"<div class=\"wpb-content-wrapper\"><div data-vc-full-width=\"true\" data-vc-full-width-init=\"false\" data-vc-stretch-content=\"true\" class=\"vc_row wpb_row vc_row-fluid vc_custom_1621951856566\"><div class=\"wpb_column vc_column_container vc_col-sm-12\"><div class=\"vc_column-inner vc_custom_1538261766621\"><div class=\"wpb_wrapper\"><h1 style=\"font-size: 40px;line-height: 1;text-align: left\" class=\"vc_custom_heading\" >Private Sessions<\/h1><div class=\"vc_separator wpb_content_element vc_separator_align_center vc_sep_width_100 vc_sep_pos_align_center vc_separator_no_text vc_custom_1621952540983  vc_custom_1621952540983\" ><span class=\"vc_sep_holder vc_sep_holder_l\"><span style=\"border-color:#595959;\" class=\"vc_sep_line\"><\/span><\/span><span class=\"vc_sep_holder vc_sep_holder_r\"><span style=\"border-color:#595959;\" class=\"vc_sep_line\"><\/span><\/span>\n<\/div><\/div><\/div><\/div><\/div><div class=\"vc_row-full-width vc_clearfix\"><\/div><div data-vc-full-width=\"true\" data-vc-full-width-init=\"false\" data-vc-parallax=\"2\" data-vc-parallax-o-fade=\"on\" data-vc-parallax-image=\"https:\/\/yogaparaelcambio.com\/wp-content\/uploads\/2020\/12\/IMG_7807.jpg\" class=\"vc_row wpb_row vc_row-fluid vc_custom_1622120818370 vc_row-has-fill vc_row-o-full-height vc_row-o-columns-middle vc_row-o-content-middle vc_row-flex vc_general vc_parallax vc_parallax-content-moving-fade js-vc_parallax-o-fade\"><div class=\"wpb_column vc_column_container vc_col-sm-12\"><div class=\"vc_column-inner vc_custom_1621978475860\"><div class=\"wpb_wrapper\">\n\t<div class=\"wpb_text_column wpb_content_element\" >\n\t\t<div class=\"wpb_wrapper\">\n\t\t\t<h4><span style=\"color: #ffffff;\">In uncertain times is necessary to ground, stop, observe what we are living without escaping, with compassion and be honest with our daily choices on how we embrace the circumstances.<\/span><\/h4>\n<h4><span style=\"color: #ffffff;\">I have design this sessions to guide you closer, online or by presence.<\/span><\/h4>\n<p>&nbsp;<\/p>\n<h4><span style=\"color: #ffffff;\">Si buscas profundizar en tu pr\u00e1ctica de yoga, f\u00edsica, energ\u00e9tica y espiritualmente ; si buscas acompa\u00f1amiento psicol\u00f3gico con un enfoque corporal, energ\u00e9tico; o si quieres trabajar tus relaciones de intimidad de forma individual o con tu pareja, sigue leyendo!<\/span><\/h4>\n\n\t\t<\/div>\n\t<\/div>\n<div class=\"vc_btn3-container vc_btn3-inline\" ><a onmouseleave=\"this.style.borderColor='#ffffff'; this.style.backgroundColor='transparent'; this.style.color='#ffffff'\" onmouseenter=\"this.style.borderColor='#ffffff'; this.style.backgroundColor='#ffffff'; this.style.color='#ffffff';\" style=\"border-color:#ffffff; color:#ffffff;\" class=\"vc_general vc_btn3 vc_btn3-size-md vc_btn3-shape-rounded vc_btn3-style-outline-custom\" href=\"https:\/\/calendly.com\/cristina-madrid\/llamada-gratuita\" title=\"Reservar llamada de descubrimiento\" target=\"_blank\">Reservar llamada gratuita de descubrimiento<\/a><\/div><\/div><\/div><\/div><\/div><div class=\"vc_row-full-width vc_clearfix\"><\/div><div data-vc-full-width=\"true\" data-vc-full-width-init=\"false\" data-vc-stretch-content=\"true\" class=\"vc_row wpb_row vc_row-fluid vc_custom_1621979727225 vc_row-o-equal-height vc_row-o-content-top vc_row-flex\"><div class=\"wpb_column vc_column_container vc_col-sm-8\"><div class=\"vc_column-inner\"><div class=\"wpb_wrapper\"><h1 style=\"font-size: 40px;line-height: 1;text-align: left\" class=\"vc_custom_heading\" >Personal Sadhana<\/h1><\/div><\/div><\/div><div class=\"wpb_column vc_column_container vc_col-sm-4\"><div class=\"vc_column-inner\"><div class=\"wpb_wrapper\">\n\t<div class=\"wpb_text_column wpb_content_element\" >\n\t\t<div class=\"wpb_wrapper\">\n\t\t\t<h4 style=\"text-align: right;\">Sesiones personalizadas para crear tu propia rutina de yoga a trav\u00e9s de pr\u00e1ctica f\u00edsica, ejercicios de respiraci\u00f3n y meditacion. Te acompa\u00f1o a encontrar las mejores variaciones para tu anatom\u00eda, momento vital, &#8230; No es necesario saber nada de yoga previo, solo ganas de entregarte a la pr\u00e1ctica para que te pueda sanar, fortalecer, flexibilizar, calmar, energetizar&#8230;<\/h4>\n<p>&nbsp;<\/p>\n\n\t\t<\/div>\n\t<\/div>\n<\/div><\/div><\/div><div class=\"wpb_column vc_column_container vc_col-sm-12\"><div class=\"vc_column-inner\"><div class=\"wpb_wrapper\"><\/div><\/div><\/div><\/div><div class=\"vc_row-full-width vc_clearfix\"><\/div><div data-vc-full-width=\"true\" data-vc-full-width-init=\"false\" data-vc-stretch-content=\"true\" class=\"vc_row wpb_row vc_row-fluid vc_custom_1621951856566\"><div class=\"wpb_column vc_column_container vc_col-sm-12\"><div class=\"vc_column-inner vc_custom_1538261766621\"><div class=\"wpb_wrapper\"><div class=\"vc_separator wpb_content_element vc_separator_align_center vc_sep_width_100 vc_sep_pos_align_center vc_separator_no_text vc_custom_1621952540983  vc_custom_1621952540983\" ><span class=\"vc_sep_holder vc_sep_holder_l\"><span style=\"border-color:#595959;\" class=\"vc_sep_line\"><\/span><\/span><span class=\"vc_sep_holder vc_sep_holder_r\"><span style=\"border-color:#595959;\" class=\"vc_sep_line\"><\/span><\/span>\n<\/div><\/div><\/div><\/div><\/div><div class=\"vc_row-full-width vc_clearfix\"><\/div><div data-vc-full-width=\"true\" data-vc-full-width-init=\"false\" data-vc-stretch-content=\"true\" class=\"vc_row wpb_row vc_row-fluid vc_custom_1621979930697\"><div class=\"wpb_column vc_column_container vc_col-sm-8\"><div class=\"vc_column-inner\"><div class=\"wpb_wrapper\"><h1 style=\"font-size: 40px;line-height: 1;text-align: left\" class=\"vc_custom_heading\" >Terapia<\/h1>\n\t<div  class=\"wpb_single_image wpb_content_element vc_align_right\">\n\t\t\n\t\t<figure class=\"wpb_wrapper vc_figure\">\n\t\t\t<div class=\"vc_single_image-wrapper   vc_box_border_grey\"><img class=\"vc_single_image-img\" src=\"https:\/\/yogaparaelcambio.com\/wp-content\/uploads\/2021\/05\/IMG_9387-400x600.jpg\" width=\"400\" height=\"600\" alt=\"IMG_9387\" title=\"IMG_9387\" loading=\"lazy\" \/><\/div>\n\t\t<\/figure>\n\t<\/div>\n<\/div><\/div><\/div><div class=\"wpb_column vc_column_container vc_col-sm-4\"><div class=\"vc_column-inner\"><div class=\"wpb_wrapper\">\n\t<div class=\"wpb_text_column wpb_content_element\" >\n\t\t<div class=\"wpb_wrapper\">\n\t\t\t<h4>Te propongo ir desatando nudos a trav\u00e9s del di\u00e1logo, descubriendo las verdaderas preguntas para encontrar las respuestas propias.<\/h4>\n<p>&nbsp;<\/p>\n<h4>El camino que realizamos a lo largo de las sesiones es el de vuelta a la <strong>presencia<\/strong>, a la toma de <strong>conciencia<\/strong> de lo que habitamos , <strong>lo que sentimos, lo que pensamos,\u00a0 lo que hacemos&#8230;<\/strong>solo as\u00ed podemos hacer algo con ello, es el camino de recoger la <strong>fuerza<\/strong> que nos da <strong>comprometernos<\/strong> con nosotras mismas y <strong>apreciar<\/strong> el recorrido.<\/h4>\n<p>&nbsp;<\/p>\n<h4>El m\u00e9todo es la <strong>escucha, la escritura, el trabajo personal, la experimentaci\u00f3n y el di\u00e1logo<\/strong>. Durante las sesiones entrenamos la observaci\u00f3n y la percepci\u00f3n de pensamientos, sensaciones, movimientos&#8230;y desde aqu\u00ed establecemos un dialogo con ellos, durante la sesi\u00f3n y fuera de ella a trav\u00e9s de peque\u00f1as tareas.<\/h4>\n\n\t\t<\/div>\n\t<\/div>\n\n\t<div class=\"wpb_text_column wpb_content_element\" >\n\t\t<div class=\"wpb_wrapper\">\n\t\t\t<h4 class=\"_04xlpA direction-ltr align-center para-style-body\">Individuales o En pareja<\/h4>\n\n\t\t<\/div>\n\t<\/div>\n<div class=\"vc_btn3-container vc_btn3-inline\" ><a onmouseleave=\"this.style.borderColor='#595959'; this.style.backgroundColor='transparent'; this.style.color='#595959'\" onmouseenter=\"this.style.borderColor='#595959'; this.style.backgroundColor='#595959'; this.style.color='#ffffff';\" style=\"border-color:#595959; color:#595959;\" class=\"vc_general vc_btn3 vc_btn3-size-md vc_btn3-shape-rounded vc_btn3-style-outline-custom\" href=\"https:\/\/calendly.com\/cristina-madrid\/llamada-gratuita\" title=\"\" target=\"_blank\">Primera llamada gratuita<\/a><\/div><\/div><\/div><\/div><\/div><div class=\"vc_row-full-width vc_clearfix\"><\/div><div data-vc-full-width=\"true\" data-vc-full-width-init=\"false\" data-vc-stretch-content=\"true\" class=\"vc_row wpb_row vc_row-fluid vc_custom_1621951856566\"><div class=\"wpb_column vc_column_container vc_col-sm-12\"><div class=\"vc_column-inner vc_custom_1538261766621\"><div class=\"wpb_wrapper\"><div class=\"vc_separator wpb_content_element vc_separator_align_center vc_sep_width_100 vc_sep_pos_align_center vc_separator_no_text vc_custom_1621952540983  vc_custom_1621952540983\" ><span class=\"vc_sep_holder vc_sep_holder_l\"><span style=\"border-color:#595959;\" class=\"vc_sep_line\"><\/span><\/span><span class=\"vc_sep_holder vc_sep_holder_r\"><span style=\"border-color:#595959;\" class=\"vc_sep_line\"><\/span><\/span>\n<\/div><\/div><\/div><\/div><\/div><div class=\"vc_row-full-width vc_clearfix\"><\/div><div data-vc-full-width=\"true\" data-vc-full-width-init=\"false\" data-vc-stretch-content=\"true\" class=\"vc_row wpb_row vc_row-fluid vc_custom_1621980350940\"><div class=\"wpb_column vc_column_container vc_col-sm-6\"><div class=\"vc_column-inner\"><div class=\"wpb_wrapper\"><h1 style=\"font-size: 40px;line-height: 1;text-align: left\" class=\"vc_custom_heading\" >Sensual Healing<\/h1><\/div><\/div><\/div><div class=\"wpb_column vc_column_container vc_col-sm-6\"><div class=\"vc_column-inner\"><div class=\"wpb_wrapper\">\n\t<div class=\"wpb_text_column wpb_content_element\" >\n\t\t<div class=\"wpb_wrapper\">\n\t\t\t<h4 class=\"_04xlpA direction-ltr align-center para-style-body\" style=\"text-align: right;\"><span class=\"JsGRdQ\">Una experiencia para celebrar la intimidad, expandir tus sentidos y aprender a relacionarte mejor contigo, con tu cuerpo, con tu sensualidad y sexualidad.<\/span><\/h4>\n\n\t\t<\/div>\n\t<\/div>\n<\/div><\/div><\/div><\/div><div class=\"vc_row-full-width vc_clearfix\"><\/div><div data-vc-full-width=\"true\" data-vc-full-width-init=\"false\" class=\"vc_row wpb_row vc_row-fluid vc_custom_1621980497734\"><div class=\"wpb_column vc_column_container vc_col-sm-4\"><div class=\"vc_column-inner\"><div class=\"wpb_wrapper\">\n\t<div class=\"wpb_text_column wpb_content_element\" >\n\t\t<div class=\"wpb_wrapper\">\n\t\t\t<h4 class=\"_04xlpA direction-ltr align-start para-style-body\"><span class=\"JsGRdQ\">Un espacio de intimidad para re-conectar contigo y con tu pareja.\u00a0<\/span><\/h4>\n<h4>Expandir tu respiraci\u00f3n y tu energ\u00eda y conectarla con tu capacidad de sentir placer, amor e intimidad. Un bello ritual de cuidado y mimo para aprender a relacionarse desde otro lugar m\u00e1s suave, m\u00e1s placentero, m\u00e1s aut\u00e9ntico.<\/h4>\n\n\t\t<\/div>\n\t<\/div>\n<\/div><\/div><\/div><div class=\"wpb_column vc_column_container vc_col-sm-4\"><div class=\"vc_column-inner\"><div class=\"wpb_wrapper\">\n\t<div  class=\"wpb_single_image wpb_content_element vc_align_left\">\n\t\t\n\t\t<figure class=\"wpb_wrapper vc_figure\">\n\t\t\t<div class=\"vc_single_image-wrapper   vc_box_border_grey\"><img class=\"vc_single_image-img\" src=\"https:\/\/yogaparaelcambio.com\/wp-content\/uploads\/2022\/09\/sensual-healing-469x689.jpg\" width=\"469\" height=\"689\" alt=\"sensual healing\" title=\"sensual healing\" loading=\"lazy\" \/><\/div>\n\t\t<\/figure>\n\t<\/div>\n<\/div><\/div><\/div><div class=\"wpb_column vc_column_container vc_col-sm-4\"><div class=\"vc_column-inner\"><div class=\"wpb_wrapper\">\n\t<div class=\"wpb_text_column wpb_content_element\" >\n\t\t<div class=\"wpb_wrapper\">\n\t\t\t<ul>\n<li class=\"_04xlpA direction-ltr align-center para-style-body\">En estas sesiones no hay desnudez f\u00edsica sino emocional.<\/li>\n<li class=\"_04xlpA direction-ltr align-center para-style-body\">Sesi\u00f3n individual o en pareja<\/li>\n<li>Online &amp; Presencial<\/li>\n<\/ul>\n<p>Adem\u00e1s de estas sesiones puntuales, realizo acompa\u00f1amiento a mujeres y parejas que necesiten apoyo terap\u00e9utico para que esta nueva forma de relacionarte contigo , con tu cuerpo y con tu pareja no se queden en una experiencia puntual.<\/p>\n\n\t\t<\/div>\n\t<\/div>\n<\/div><\/div><\/div><\/div><div class=\"vc_row-full-width vc_clearfix\"><\/div><div data-vc-full-width=\"true\" data-vc-full-width-init=\"false\" data-vc-stretch-content=\"true\" class=\"vc_row wpb_row vc_row-fluid vc_custom_1621951856566\"><div class=\"wpb_column vc_column_container vc_col-sm-12\"><div class=\"vc_column-inner vc_custom_1538261766621\"><div class=\"wpb_wrapper\"><div class=\"vc_separator wpb_content_element vc_separator_align_center vc_sep_width_100 vc_sep_pos_align_center vc_separator_no_text vc_custom_1621952540983  vc_custom_1621952540983\" ><span class=\"vc_sep_holder vc_sep_holder_l\"><span style=\"border-color:#595959;\" class=\"vc_sep_line\"><\/span><\/span><span class=\"vc_sep_holder vc_sep_holder_r\"><span style=\"border-color:#595959;\" class=\"vc_sep_line\"><\/span><\/span>\n<\/div><\/div><\/div><\/div><\/div><div class=\"vc_row-full-width vc_clearfix\"><\/div><div data-vc-full-width=\"true\" data-vc-full-width-init=\"false\" data-vc-stretch-content=\"true\" class=\"vc_row wpb_row vc_row-fluid vc_custom_1664700358042 vc_row-o-content-bottom vc_row-flex\"><div class=\"wpb_column vc_column_container vc_col-sm-8\"><div class=\"vc_column-inner\"><div class=\"wpb_wrapper\"><h1 style=\"font-size: 40px;line-height: 1;text-align: left\" class=\"vc_custom_heading\" >Bodywork<\/h1>\n\t<div  class=\"wpb_single_image wpb_content_element vc_align_right\">\n\t\t\n\t\t<figure class=\"wpb_wrapper vc_figure\">\n\t\t\t<div class=\"vc_single_image-wrapper   vc_box_border_grey\"><img class=\"vc_single_image-img\" src=\"https:\/\/yogaparaelcambio.com\/wp-content\/uploads\/2022\/10\/bodywork-400x600.jpg\" width=\"400\" height=\"600\" alt=\"Ayurveda yoga massage\" title=\"bodywork\" loading=\"lazy\" \/><\/div>\n\t\t<\/figure>\n\t<\/div>\n<\/div><\/div><\/div><div class=\"wpb_column vc_column_container vc_col-sm-4\"><div class=\"vc_column-inner\"><div class=\"wpb_wrapper\">\n\t<div class=\"wpb_text_column wpb_content_element\" >\n\t\t<div class=\"wpb_wrapper\">\n\t\t\t<h3>Ayurveda Yoga massage<\/h3>\n<h5>Durante 90 minutos trabajamos a lo largo de todo el cuerpo con estiramientos y masaje de tejido profundo realizado con aceite.<\/h5>\n<h5>Perfecto para descontracturar y equilibrar todo tu sistema nervioso.<\/h5>\n<h3>Yoga Thai Massage<\/h3>\n<h5>Esta sesi\u00f3n de 90&#8242; se realiza vestido y se trabaja a trav\u00e9s de la digitopuntura, estiramientos pasivos y diferentes presiones sostenidas para abrir tus m\u00fasculos y tus fascias.<\/h5>\n<h3>Healing massage<\/h3>\n<h5>Sesi\u00f3n de 90&#8242; centrado en el auto-cuidado. Combinando el poder de los aceites esenciales trabajamos a lo largo del cuerpo para calmar el sistema nervioso y abrir tu coraz\u00f3n.<\/h5>\n<h5>En esta sesi\u00f3n se combinan diferentes t\u00e9cnicas de masaje y trabajo energ\u00e9tico.<\/h5>\n<p>Ibiza \/Madrid<\/p>\n\n\t\t<\/div>\n\t<\/div>\n<div class=\"vc_btn3-container vc_btn3-right\" ><a onmouseleave=\"this.style.borderColor='#595959'; this.style.backgroundColor='transparent'; this.style.color='#595959'\" onmouseenter=\"this.style.borderColor='#595959'; this.style.backgroundColor='#595959'; this.style.color='#ffffff';\" style=\"border-color:#595959; color:#595959;\" class=\"vc_general vc_btn3 vc_btn3-size-md vc_btn3-shape-rounded vc_btn3-style-outline-custom\" href=\"mailto:cristina@yogaparaelcambio.com\" title=\"\" target=\"_blank\">Consulta disponibilidad<\/a><\/div><\/div><\/div><\/div><\/div><div class=\"vc_row-full-width vc_clearfix\"><\/div><div data-vc-full-width=\"true\" data-vc-full-width-init=\"false\" data-vc-parallax=\"1.5\" class=\"vc_row wpb_row vc_row-fluid vc_custom_1622120990992 vc_row-has-fill vc_general vc_parallax vc_parallax-content-moving\"><div class=\"wpb_column vc_column_container vc_col-sm-12\"><div class=\"vc_column-inner\"><div class=\"wpb_wrapper\"><h3 style=\"font-size: 40px;color: #ffffff;line-height: 1;text-align: center;font-family:Unna;font-weight:400;font-style:normal\" class=\"vc_custom_heading\" >There's life in every breathe<\/h3>\n\t<div class=\"wpb_text_column wpb_content_element\" >\n\t\t<div class=\"wpb_wrapper\">\n\t\t\t<p style=\"text-align: center;\"><span style=\"color: #ffffff;\">Why not experience each one of them?<\/span><\/p>\n\n\t\t<\/div>\n\t<\/div>\n<div class=\"vc_btn3-container vc_btn3-center\" ><a onmouseleave=\"this.style.borderColor='#ffffff'; this.style.backgroundColor='transparent'; this.style.color='#ffffff'\" onmouseenter=\"this.style.borderColor='#ffffff'; this.style.backgroundColor='#ffffff'; this.style.color='#595959';\" style=\"border-color:#ffffff; color:#ffffff;\" class=\"vc_general vc_btn3 vc_btn3-size-lg vc_btn3-shape-square vc_btn3-style-outline-custom\" href=\"mailto:cristina@yogaparaelcambio.com\" title=\"\">Contact me<\/a><\/div><\/div><\/div><\/div><\/div><div class=\"vc_row-full-width vc_clearfix\"><\/div>\n<\/div>","protected":false},"excerpt":{"rendered":"Sesiones Individuales En momentos de incertidumbre es imprescindible volver a tomar tierra, parar, observar lo que estamos viviendo sin escapar, con compasi\u00f3n y con la honestidad<span class=\"excerpt-hellip\"> [\u2026]<\/span>","protected":false},"author":1,"featured_media":0,"parent":0,"menu_order":0,"comment_status":"closed","ping_status":"closed","template":"","meta":{"pmpro_default_level":"","_price":"","_stock":"","_tribe_ticket_header":"","_tribe_default_ticket_provider":"","_tribe_ticket_capacity":"0","_ticket_start_date":"","_ticket_end_date":"","_tribe_ticket_show_description":"","_tribe_ticket_show_not_going":false,"_tribe_ticket_use_global_stock":"","_tribe_ticket_global_stock_level":"","_global_stock_mode":"","_global_stock_cap":"","_tribe_rsvp_for_event":"","_tribe_ticket_going_count":"","_tribe_ticket_not_going_count":"","_tribe_tickets_list":"[]","_tribe_ticket_has_attendee_info_fields":false,"_EventAllDay":false,"_EventTimezone":"","_EventStartDate":"","_EventEndDate":"","_EventStartDateUTC":"","_EventEndDateUTC":"","_EventShowMap":false,"_EventShowMapLink":false,"_EventURL":"","_EventCost":"","_EventCostDescription":"","_EventCurrencySymbol":"","_EventCurrencyCode":"","_EventCurrencyPosition":"","_EventDateTimeSeparator":"","_EventTimeRangeSeparator":"","_EventOrganizerID":[],"_EventVenueID":[],"_OrganizerEmail":"","_OrganizerPhone":"","_OrganizerWebsite":"","_VenueAddress":"","_VenueCity":"","_VenueCountry":"","_VenueProvince":"","_VenueState":"","_VenueZip":"","_VenuePhone":"","_VenueURL":"","_VenueStateProvince":"","_VenueLat":"","_VenueLng":"","_VenueShowMap":false,"_VenueShowMapLink":false},"yoast_head":"<!-- This site is optimized with the Yoast SEO plugin v21.5 - https:\/\/yoast.com\/wordpress\/plugins\/seo\/ -->\n<title>Sesiones individuales | Procesos terapeuticos | Yoga para el cambio<\/title>\n<meta name=\"description\" content=\"Sesiones individuales para acompa\u00f1arte en tu proceso terapeutico. Comienza tu transformaci\u00f3n para abrazar la vida plenamente.\" \/>\n<meta name=\"robots\" content=\"index, follow, max-snippet:-1, max-image-preview:large, max-video-preview:-1\" \/>\n<link rel=\"canonical\" href=\"https:\/\/yogaparaelcambio.com\/en\/sesiones-individuales\/\" \/>\n<meta property=\"og:locale\" content=\"en_GB\" \/>\n<meta property=\"og:type\" content=\"article\" \/>\n<meta property=\"og:title\" content=\"Sesiones individuales | Procesos terapeuticos | Yoga para el cambio\" \/>\n<meta property=\"og:description\" content=\"Sesiones individuales para acompa\u00f1arte en tu proceso terapeutico. Comienza tu transformaci\u00f3n para abrazar la vida plenamente.\" \/>\n<meta property=\"og:url\" content=\"https:\/\/yogaparaelcambio.com\/en\/sesiones-individuales\/\" \/>\n<meta property=\"og:site_name\" content=\"Yoga para el cambio\" \/>\n<meta property=\"article:publisher\" content=\"https:\/\/www.facebook.com\/cristinamadridyoga\" \/>\n<meta property=\"article:modified_time\" content=\"2023-03-23T13:59:33+00:00\" \/>\n<meta name=\"twitter:card\" content=\"summary_large_image\" \/>\n<meta name=\"twitter:label1\" content=\"Estimated reading time\" \/>\n\t<meta name=\"twitter:data1\" content=\"9 minutes\" \/>\n<script type=\"application\/ld+json\" class=\"yoast-schema-graph\">{\"@context\":\"https:\/\/schema.org\",\"@graph\":[{\"@type\":\"WebPage\",\"@id\":\"https:\/\/yogaparaelcambio.com\/sesiones-individuales\",\"url\":\"https:\/\/yogaparaelcambio.com\/sesiones-individuales\",\"name\":\"Sesiones individuales | Procesos terapeuticos | Yoga para el cambio\",\"isPartOf\":{\"@id\":\"https:\/\/yogaparaelcambio.com\/#website\"},\"datePublished\":\"2020-12-07T09:45:11+00:00\",\"dateModified\":\"2023-03-23T13:59:33+00:00\",\"description\":\"Sesiones individuales para acompa\u00f1arte en tu proceso terapeutico. Comienza tu transformaci\u00f3n para abrazar la vida plenamente.\",\"breadcrumb\":{\"@id\":\"https:\/\/yogaparaelcambio.com\/sesiones-individuales#breadcrumb\"},\"inLanguage\":\"en-GB\",\"potentialAction\":[{\"@type\":\"ReadAction\",\"target\":[\"https:\/\/yogaparaelcambio.com\/sesiones-individuales\"]}]},{\"@type\":\"BreadcrumbList\",\"@id\":\"https:\/\/yogaparaelcambio.com\/sesiones-individuales#breadcrumb\",\"itemListElement\":[{\"@type\":\"ListItem\",\"position\":1,\"name\":\"Portada\",\"item\":\"https:\/\/yogaparaelcambio.com\/\"},{\"@type\":\"ListItem\",\"position\":2,\"name\":\"Sesiones individuales\"}]},{\"@type\":\"WebSite\",\"@id\":\"https:\/\/yogaparaelcambio.com\/#website\",\"url\":\"https:\/\/yogaparaelcambio.com\/\",\"name\":\"Yoga para el cambio\",\"description\":\"Yoga Flow, Breathwork, Healing\",\"publisher\":{\"@id\":\"https:\/\/yogaparaelcambio.com\/#organization\"},\"potentialAction\":[{\"@type\":\"SearchAction\",\"target\":{\"@type\":\"EntryPoint\",\"urlTemplate\":\"https:\/\/yogaparaelcambio.com\/?s={search_term_string}\"},\"query-input\":\"required name=search_term_string\"}],\"inLanguage\":\"en-GB\"},{\"@type\":\"Organization\",\"@id\":\"https:\/\/yogaparaelcambio.com\/#organization\",\"name\":\"Yoga para el cambio\",\"url\":\"https:\/\/yogaparaelcambio.com\/\",\"logo\":{\"@type\":\"ImageObject\",\"inLanguage\":\"en-GB\",\"@id\":\"https:\/\/yogaparaelcambio.com\/#\/schema\/logo\/image\/\",\"url\":\"https:\/\/yogaparaelcambio.com\/wp-content\/uploads\/2018\/01\/cropped-logo-ypc.jpg\",\"contentUrl\":\"https:\/\/yogaparaelcambio.com\/wp-content\/uploads\/2018\/01\/cropped-logo-ypc.jpg\",\"width\":512,\"height\":512,\"caption\":\"Yoga para el cambio\"},\"image\":{\"@id\":\"https:\/\/yogaparaelcambio.com\/#\/schema\/logo\/image\/\"},\"sameAs\":[\"https:\/\/www.facebook.com\/cristinamadridyoga\",\"https:\/\/www.instagram.com\/cristinamadridyoga\/\"]}]}<\/script>\n<!-- \/ Yoast SEO plugin. -->","yoast_head_json":{"title":"Sesiones individuales | Procesos terapeuticos | Yoga para el cambio","description":"Sesiones individuales para acompa\u00f1arte en tu proceso terapeutico. Comienza tu transformaci\u00f3n para abrazar la vida plenamente.","robots":{"index":"index","follow":"follow","max-snippet":"max-snippet:-1","max-image-preview":"max-image-preview:large","max-video-preview":"max-video-preview:-1"},"canonical":"https:\/\/yogaparaelcambio.com\/en\/sesiones-individuales\/","og_locale":"en_GB","og_type":"article","og_title":"Sesiones individuales | Procesos terapeuticos | Yoga para el cambio","og_description":"Sesiones individuales para acompa\u00f1arte en tu proceso terapeutico. Comienza tu transformaci\u00f3n para abrazar la vida plenamente.","og_url":"https:\/\/yogaparaelcambio.com\/en\/sesiones-individuales\/","og_site_name":"Yoga para el cambio","article_publisher":"https:\/\/www.facebook.com\/cristinamadridyoga","article_modified_time":"2023-03-23T13:59:33+00:00","twitter_card":"summary_large_image","twitter_misc":{"Estimated reading time":"9 minutes"},"schema":{"@context":"https:\/\/schema.org","@graph":[{"@type":"WebPage","@id":"https:\/\/yogaparaelcambio.com\/sesiones-individuales","url":"https:\/\/yogaparaelcambio.com\/sesiones-individuales","name":"Sesiones individuales | Procesos terapeuticos | Yoga para el cambio","isPartOf":{"@id":"https:\/\/yogaparaelcambio.com\/#website"},"datePublished":"2020-12-07T09:45:11+00:00","dateModified":"2023-03-23T13:59:33+00:00","description":"Sesiones individuales para acompa\u00f1arte en tu proceso terapeutico. Comienza tu transformaci\u00f3n para abrazar la vida plenamente.","breadcrumb":{"@id":"https:\/\/yogaparaelcambio.com\/sesiones-individuales#breadcrumb"},"inLanguage":"en-GB","potentialAction":[{"@type":"ReadAction","target":["https:\/\/yogaparaelcambio.com\/sesiones-individuales"]}]},{"@type":"BreadcrumbList","@id":"https:\/\/yogaparaelcambio.com\/sesiones-individuales#breadcrumb","itemListElement":[{"@type":"ListItem","position":1,"name":"Portada","item":"https:\/\/yogaparaelcambio.com\/"},{"@type":"ListItem","position":2,"name":"Sesiones individuales"}]},{"@type":"WebSite","@id":"https:\/\/yogaparaelcambio.com\/#website","url":"https:\/\/yogaparaelcambio.com\/","name":"Yoga para el cambio","description":"Yoga Flow, Breathwork, Healing","publisher":{"@id":"https:\/\/yogaparaelcambio.com\/#organization"},"potentialAction":[{"@type":"SearchAction","target":{"@type":"EntryPoint","urlTemplate":"https:\/\/yogaparaelcambio.com\/?s={search_term_string}"},"query-input":"required name=search_term_string"}],"inLanguage":"en-GB"},{"@type":"Organization","@id":"https:\/\/yogaparaelcambio.com\/#organization","name":"Yoga para el cambio","url":"https:\/\/yogaparaelcambio.com\/","logo":{"@type":"ImageObject","inLanguage":"en-GB","@id":"https:\/\/yogaparaelcambio.com\/#\/schema\/logo\/image\/","url":"https:\/\/yogaparaelcambio.com\/wp-content\/uploads\/2018\/01\/cropped-logo-ypc.jpg","contentUrl":"https:\/\/yogaparaelcambio.com\/wp-content\/uploads\/2018\/01\/cropped-logo-ypc.jpg","width":512,"height":512,"caption":"Yoga para el cambio"},"image":{"@id":"https:\/\/yogaparaelcambio.com\/#\/schema\/logo\/image\/"},"sameAs":["https:\/\/www.facebook.com\/cristinamadridyoga","https:\/\/www.instagram.com\/cristinamadridyoga\/"]}]}},"_links":{"self":[{"href":"https:\/\/yogaparaelcambio.com\/en\/wp-json\/wp\/v2\/pages\/1276"}],"collection":[{"href":"https:\/\/yogaparaelcambio.com\/en\/wp-json\/wp\/v2\/pages"}],"about":[{"href":"https:\/\/yogaparaelcambio.com\/en\/wp-json\/wp\/v2\/types\/page"}],"author":[{"embeddable":true,"href":"https:\/\/yogaparaelcambio.com\/en\/wp-json\/wp\/v2\/users\/1"}],"replies":[{"embeddable":true,"href":"https:\/\/yogaparaelcambio.com\/en\/wp-json\/wp\/v2\/comments?post=1276"}],"version-history":[{"count":17,"href":"https:\/\/yogaparaelcambio.com\/en\/wp-json\/wp\/v2\/pages\/1276\/revisions"}],"predecessor-version":[{"id":3230,"href":"https:\/\/yogaparaelcambio.com\/en\/wp-json\/wp\/v2\/pages\/1276\/revisions\/3230"}],"wp:attachment":[{"href":"https:\/\/yogaparaelcambio.com\/en\/wp-json\/wp\/v2\/media?parent=1276"}],"curies":[{"name":"wp","href":"https:\/\/api.w.org\/{rel}","templated":true}]}}