{"id":1361,"date":"2020-05-31T17:20:13","date_gmt":"2020-05-31T16:20:13","guid":{"rendered":"https:\/\/yogaparaelcambio.com\/?page_id=1361"},"modified":"2021-05-25T23:24:15","modified_gmt":"2021-05-25T22:24:15","slug":"membresia","status":"publish","type":"page","link":"https:\/\/yogaparaelcambio.com\/en\/membresia","title":{"rendered":"MEMBRES\u00cdA"},"content":{"rendered":"","protected":true},"excerpt":{"rendered":"","protected":true},"author":1,"featured_media":0,"parent":0,"menu_order":0,"comment_status":"open","ping_status":"closed","template":"template-portfolio.php","meta":{"pmpro_default_level":"","_price":"","_stock":"","_tribe_ticket_header":"","_tribe_default_ticket_provider":"","_tribe_ticket_capacity":"0","_ticket_start_date":"","_ticket_end_date":"","_tribe_ticket_show_description":"","_tribe_ticket_show_not_going":false,"_tribe_ticket_use_global_stock":"","_tribe_ticket_global_stock_level":"","_global_stock_mode":"","_global_stock_cap":"","_tribe_rsvp_for_event":"","_tribe_ticket_going_count":"","_tribe_ticket_not_going_count":"","_tribe_tickets_list":"[]","_tribe_ticket_has_attendee_info_fields":false,"_EventAllDay":false,"_EventTimezone":"","_EventStartDate":"","_EventEndDate":"","_EventStartDateUTC":"","_EventEndDateUTC":"","_EventShowMap":false,"_EventShowMapLink":false,"_EventURL":"","_EventCost":"","_EventCostDescription":"","_EventCurrencySymbol":"","_EventCurrencyCode":"","_EventCurrencyPosition":"","_EventDateTimeSeparator":"","_EventTimeRangeSeparator":"","_EventOrganizerID":[],"_EventVenueID":[],"_OrganizerEmail":"","_OrganizerPhone":"","_OrganizerWebsite":"","_VenueAddress":"","_VenueCity":"","_VenueCountry":"","_VenueProvince":"","_VenueState":"","_VenueZip":"","_VenuePhone":"","_VenueURL":"","_VenueStateProvince":"","_VenueLat":"","_VenueLng":"","_VenueShowMap":false,"_VenueShowMapLink":false},"yoast_head":"<!-- This site is optimized with the Yoast SEO plugin v21.5 - https:\/\/yoast.com\/wordpress\/plugins\/seo\/ -->\n<title>Area membres\u00eda | Yoga para el cambio | Clases online<\/title>\n<meta name=\"description\" content=\"Area de membres\u00eda yoga para el cambio | Clases online de yoga, pranayama, meditaci\u00f3n, chakras y mucho m\u00e1s contenido exclusivo.\" \/>\n<meta name=\"robots\" content=\"index, follow, max-snippet:-1, max-image-preview:large, max-video-preview:-1\" \/>\n<link rel=\"canonical\" href=\"https:\/\/yogaparaelcambio.com\/en\/membresia\/\" \/>\n<meta property=\"og:locale\" content=\"en_GB\" \/>\n<meta property=\"og:type\" content=\"article\" \/>\n<meta property=\"og:title\" content=\"Area membres\u00eda | Yoga para el cambio | Clases online\" \/>\n<meta property=\"og:description\" content=\"Area de membres\u00eda yoga para el cambio | Clases online de yoga, pranayama, meditaci\u00f3n, chakras y mucho m\u00e1s contenido exclusivo.\" \/>\n<meta property=\"og:url\" content=\"https:\/\/yogaparaelcambio.com\/en\/membresia\/\" \/>\n<meta property=\"og:site_name\" content=\"Yoga para el cambio\" \/>\n<meta property=\"article:publisher\" content=\"https:\/\/www.facebook.com\/cristinamadridyoga\" \/>\n<meta property=\"article:modified_time\" content=\"2021-05-25T22:24:15+00:00\" \/>\n<meta name=\"twitter:card\" content=\"summary_large_image\" \/>\n<meta name=\"twitter:label1\" content=\"Estimated reading time\" \/>\n\t<meta name=\"twitter:data1\" content=\"3 minutes\" \/>\n<script type=\"application\/ld+json\" class=\"yoast-schema-graph\">{\"@context\":\"https:\/\/schema.org\",\"@graph\":[{\"@type\":\"WebPage\",\"@id\":\"https:\/\/yogaparaelcambio.com\/membresia\",\"url\":\"https:\/\/yogaparaelcambio.com\/membresia\",\"name\":\"Area membres\u00eda | Yoga para el cambio | Clases online\",\"isPartOf\":{\"@id\":\"https:\/\/yogaparaelcambio.com\/#website\"},\"datePublished\":\"2020-05-31T16:20:13+00:00\",\"dateModified\":\"2021-05-25T22:24:15+00:00\",\"breadcrumb\":{\"@id\":\"https:\/\/yogaparaelcambio.com\/membresia#breadcrumb\"},\"inLanguage\":\"en-GB\"},{\"@type\":\"WebSite\",\"@id\":\"https:\/\/yogaparaelcambio.com\/#website\",\"url\":\"https:\/\/yogaparaelcambio.com\/\",\"name\":\"Yoga para el cambio\",\"description\":\"Yoga Flow, Breathwork, Healing\",\"publisher\":{\"@id\":\"https:\/\/yogaparaelcambio.com\/#organization\"},\"potentialAction\":[{\"@type\":\"SearchAction\",\"target\":{\"@type\":\"EntryPoint\",\"urlTemplate\":\"https:\/\/yogaparaelcambio.com\/?s={search_term_string}\"},\"query-input\":\"required name=search_term_string\"}],\"inLanguage\":\"en-GB\"},{\"@type\":\"Organization\",\"@id\":\"https:\/\/yogaparaelcambio.com\/#organization\",\"name\":\"Yoga para el cambio\",\"url\":\"https:\/\/yogaparaelcambio.com\/\",\"logo\":{\"@type\":\"ImageObject\",\"inLanguage\":\"en-GB\",\"@id\":\"https:\/\/yogaparaelcambio.com\/#\/schema\/logo\/image\/\",\"url\":\"https:\/\/yogaparaelcambio.com\/wp-content\/uploads\/2018\/01\/cropped-logo-ypc.jpg\",\"contentUrl\":\"https:\/\/yogaparaelcambio.com\/wp-content\/uploads\/2018\/01\/cropped-logo-ypc.jpg\",\"width\":512,\"height\":512,\"caption\":\"Yoga para el cambio\"},\"image\":{\"@id\":\"https:\/\/yogaparaelcambio.com\/#\/schema\/logo\/image\/\"},\"sameAs\":[\"https:\/\/www.facebook.com\/cristinamadridyoga\",\"https:\/\/www.instagram.com\/cristinamadridyoga\/\"]}]}<\/script>\n<!-- \/ Yoast SEO plugin. -->","yoast_head_json":{"title":"Area membres\u00eda | Yoga para el cambio | Clases online","description":"Area de membres\u00eda yoga para el cambio | Clases online de yoga, pranayama, meditaci\u00f3n, chakras y mucho m\u00e1s contenido exclusivo.","robots":{"index":"index","follow":"follow","max-snippet":"max-snippet:-1","max-image-preview":"max-image-preview:large","max-video-preview":"max-video-preview:-1"},"canonical":"https:\/\/yogaparaelcambio.com\/en\/membresia\/","og_locale":"en_GB","og_type":"article","og_title":"Area membres\u00eda | Yoga para el cambio | Clases online","og_description":"Area de membres\u00eda yoga para el cambio | Clases online de yoga, pranayama, meditaci\u00f3n, chakras y mucho m\u00e1s contenido exclusivo.","og_url":"https:\/\/yogaparaelcambio.com\/en\/membresia\/","og_site_name":"Yoga para el cambio","article_publisher":"https:\/\/www.facebook.com\/cristinamadridyoga","article_modified_time":"2021-05-25T22:24:15+00:00","twitter_card":"summary_large_image","twitter_misc":{"Estimated reading time":"3 minutes"},"schema":{"@context":"https:\/\/schema.org","@graph":[{"@type":"WebPage","@id":"https:\/\/yogaparaelcambio.com\/membresia","url":"https:\/\/yogaparaelcambio.com\/membresia","name":"Area membres\u00eda | Yoga para el cambio | Clases online","isPartOf":{"@id":"https:\/\/yogaparaelcambio.com\/#website"},"datePublished":"2020-05-31T16:20:13+00:00","dateModified":"2021-05-25T22:24:15+00:00","breadcrumb":{"@id":"https:\/\/yogaparaelcambio.com\/membresia#breadcrumb"},"inLanguage":"en-GB"},{"@type":"WebSite","@id":"https:\/\/yogaparaelcambio.com\/#website","url":"https:\/\/yogaparaelcambio.com\/","name":"Yoga para el cambio","description":"Yoga Flow, Breathwork, Healing","publisher":{"@id":"https:\/\/yogaparaelcambio.com\/#organization"},"potentialAction":[{"@type":"SearchAction","target":{"@type":"EntryPoint","urlTemplate":"https:\/\/yogaparaelcambio.com\/?s={search_term_string}"},"query-input":"required name=search_term_string"}],"inLanguage":"en-GB"},{"@type":"Organization","@id":"https:\/\/yogaparaelcambio.com\/#organization","name":"Yoga para el cambio","url":"https:\/\/yogaparaelcambio.com\/","logo":{"@type":"ImageObject","inLanguage":"en-GB","@id":"https:\/\/yogaparaelcambio.com\/#\/schema\/logo\/image\/","url":"https:\/\/yogaparaelcambio.com\/wp-content\/uploads\/2018\/01\/cropped-logo-ypc.jpg","contentUrl":"https:\/\/yogaparaelcambio.com\/wp-content\/uploads\/2018\/01\/cropped-logo-ypc.jpg","width":512,"height":512,"caption":"Yoga para el cambio"},"image":{"@id":"https:\/\/yogaparaelcambio.com\/#\/schema\/logo\/image\/"},"sameAs":["https:\/\/www.facebook.com\/cristinamadridyoga","https:\/\/www.instagram.com\/cristinamadridyoga\/"]}]}},"_links":{"self":[{"href":"https:\/\/yogaparaelcambio.com\/en\/wp-json\/wp\/v2\/pages\/1361"}],"collection":[{"href":"https:\/\/yogaparaelcambio.com\/en\/wp-json\/wp\/v2\/pages"}],"about":[{"href":"https:\/\/yogaparaelcambio.com\/en\/wp-json\/wp\/v2\/types\/page"}],"author":[{"embeddable":true,"href":"https:\/\/yogaparaelcambio.com\/en\/wp-json\/wp\/v2\/users\/1"}],"replies":[{"embeddable":true,"href":"https:\/\/yogaparaelcambio.com\/en\/wp-json\/wp\/v2\/comments?post=1361"}],"version-history":[{"count":16,"href":"https:\/\/yogaparaelcambio.com\/en\/wp-json\/wp\/v2\/pages\/1361\/revisions"}],"predecessor-version":[{"id":2453,"href":"https:\/\/yogaparaelcambio.com\/en\/wp-json\/wp\/v2\/pages\/1361\/revisions\/2453"}],"wp:attachment":[{"href":"https:\/\/yogaparaelcambio.com\/en\/wp-json\/wp\/v2\/media?parent=1361"}],"curies":[{"name":"wp","href":"https:\/\/api.w.org\/{rel}","templated":true}]}}