{"id":1942,"date":"2020-12-09T08:51:52","date_gmt":"2020-12-09T07:51:52","guid":{"rendered":"https:\/\/yogaparaelcambio.com\/?page_id=1942"},"modified":"2022-10-02T08:41:10","modified_gmt":"2022-10-02T07:41:10","slug":"el-viaje-de-la-diosa","status":"publish","type":"page","link":"https:\/\/yogaparaelcambio.com\/en\/el-viaje-de-la-diosa","title":{"rendered":"El viaje de la diosa"},"content":{"rendered":"<div class=\"wpb-content-wrapper\"><div data-vc-full-width=\"true\" data-vc-full-width-init=\"false\" data-vc-stretch-content=\"true\" class=\"vc_row wpb_row vc_row-fluid vc_row-o-content-middle vc_row-flex\"><div class=\"wpb_animate_when_almost_visible wpb_fadeInDown fadeInDown wpb_column vc_column_container vc_col-sm-6\"><div class=\"vc_column-inner\"><div class=\"wpb_wrapper\">\n\t<div  class=\"wpb_single_image wpb_content_element vc_align_right\">\n\t\t\n\t\t<figure class=\"wpb_wrapper vc_figure\">\n\t\t\t<div class=\"vc_single_image-wrapper   vc_box_border_grey\"><img class=\"vc_single_image-img\" src=\"https:\/\/yogaparaelcambio.com\/wp-content\/uploads\/2021\/05\/IMG_9393-600x400.jpg\" width=\"600\" height=\"400\" alt=\"Goddess circles\" title=\"C\u00edrculos de mujeres\" loading=\"lazy\" \/><\/div>\n\t\t<\/figure>\n\t<\/div>\n<\/div><\/div><\/div><div data-vc-parallax=\"1.5\" data-vc-parallax-o-fade=\"on\" class=\"wpb_column vc_column_container vc_col-sm-6 vc_col-has-fill vc_general vc_parallax vc_parallax-content-moving-fade js-vc_parallax-o-fade\"><div class=\"vc_column-inner\"><div class=\"wpb_wrapper\"><h2 style=\"font-size: 40px;color: #595959;text-align: left\" class=\"vc_custom_heading vc_custom_1621958760748\" ><a href=\"https:\/\/yogaparaelcambio.com\/en\/hago-yoga-integral\/el-viaje-de-la-diosa\/\" title=\"El viaje de la diosa\">Goddess Circles<\/a><\/h2>\n\t<div class=\"wpb_text_column wpb_content_element\" >\n\t\t<div class=\"wpb_wrapper\">\n\t\t\t<h4 style=\"text-align: left;\">Con el tiempo he ido descubriendo el poder de reunirnos, compartirnos y trabajar desde el cuerpo, desde la experimentaci\u00f3n, el movimiento y el cuerpo sutil. Esto unido a mi pasi\u00f3n por los arquetipos de las diosas ha creado estas sesiones mensuales que realizamos para celebrarnos en la luna nueva.<\/h4>\n<h4 style=\"text-align: left;\">De momento es un espacio s\u00f3lo para mujeres, un espacio seguro donde reconocernos, explorar \u00e1reas desconocidas en nosotras, \u00e1reas acalladas, escondidas, culpables, avergonzadas, gozosas, poderosas, \u00e1reas luminosas!<\/h4>\n<h4 style=\"text-align: left;\">We do this trough an embodiment journey guided with breath, tantra yoga, dance, meditation and creativity.<\/h4>\n\n\t\t<\/div>\n\t<\/div>\n<div class=\"vc_btn3-container vc_btn3-left\" ><a onmouseleave=\"this.style.borderColor='#666666'; this.style.backgroundColor='transparent'; this.style.color='#666666'\" onmouseenter=\"this.style.borderColor='#666666'; this.style.backgroundColor='#666666'; this.style.color='#ffffff';\" style=\"border-color:#666666; color:#666666;\" class=\"vc_general vc_btn3 vc_btn3-size-md vc_btn3-shape-square vc_btn3-style-outline-custom\" href=\"https:\/\/yogaparaelcambio.com\/en\/events\/\" title=\"eventos proximos\" target=\"_blank\">See next circle<\/a><\/div><\/div><\/div><\/div><\/div><div class=\"vc_row-full-width vc_clearfix\"><\/div><div data-vc-full-width=\"true\" data-vc-full-width-init=\"false\" data-vc-stretch-content=\"true\" data-vc-parallax=\"1.5\" data-vc-parallax-image=\"https:\/\/yogaparaelcambio.com\/wp-content\/uploads\/2021\/05\/IMG_9390.jpg\" class=\"vc_row wpb_row vc_row-fluid vc_custom_1622121621735 vc_row-has-fill vc_row-no-padding vc_row-o-full-height vc_row-o-columns-middle vc_row-o-content-middle vc_row-flex vc_general vc_parallax vc_parallax-content-moving\"><div class=\"wpb_column vc_column_container vc_col-sm-12\"><div class=\"vc_column-inner\"><div class=\"wpb_wrapper\">\n\t<div class=\"wpb_text_column wpb_content_element  vc_custom_1622121539419\" >\n\t\t<div class=\"wpb_wrapper\">\n\t\t\t<h2 style=\"text-align: left;\"><span style=\"color: #ffffff;\">Qu\u00e9 es un c\u00edrculo de mujeres<\/span><\/h2>\n<p>&nbsp;<\/p>\n<h4 style=\"text-align: left;\"><strong><span style=\"color: #ffffff;\">Cada c\u00edrculo de mujeres es tan \u00fanico como las componentes que se re\u00fanen alrededor. En este caso me gusta sostener el espacio y despertar el movimiento interior a trav\u00e9s de la danza, de trabajo creativo que potencian la experiencia del arquetipo de la diosa.<\/span><\/strong><\/h4>\n<h4 style=\"text-align: left;\"><strong><span style=\"color: #ffffff;\">Las diosas son una forma de ver lo sagrado de nuestro cotidiano: la madurez, las encrucijadas en el camino, los secuestros emocionales, el mundo de la sensualidad, la caja de las verguenzas&#8230;. Todas ellas las bailamos , respiramos y compartimos para despertar lo m\u00e1s luminoso de nuestro ser mujer.<\/span><\/strong><\/h4>\n\n\t\t<\/div>\n\t<\/div>\n<\/div><\/div><\/div><\/div><div class=\"vc_row-full-width vc_clearfix\"><\/div><div data-vc-full-width=\"true\" data-vc-full-width-init=\"false\" data-vc-stretch-content=\"true\" class=\"vc_row wpb_row vc_row-fluid\"><div class=\"wpb_column vc_column_container vc_col-sm-12\"><div class=\"vc_column-inner vc_custom_1538261766621\"><div class=\"wpb_wrapper\"><h1 style=\"font-size: 40px;line-height: 1;text-align: left\" class=\"vc_custom_heading\" ><a href=\"https:\/\/yogaparaelcambio.com\/en\/events\/\" title=\"Contact\">Pr\u00f3ximas sesiones<\/a><\/h1><div class=\"vc_separator wpb_content_element vc_separator_align_center vc_sep_width_100 vc_sep_pos_align_center vc_separator_no_text vc_custom_1621952540983  vc_custom_1621952540983\" ><span class=\"vc_sep_holder vc_sep_holder_l\"><span style=\"border-color:#595959;\" class=\"vc_sep_line\"><\/span><\/span><span class=\"vc_sep_holder vc_sep_holder_r\"><span style=\"border-color:#595959;\" class=\"vc_sep_line\"><\/span><\/span>\n<\/div><\/div><\/div><\/div><\/div><div class=\"vc_row-full-width vc_clearfix\"><\/div><div data-vc-full-width=\"true\" data-vc-full-width-init=\"false\" class=\"vc_row wpb_row vc_row-fluid vc_custom_1538265010389\"><div class=\"wpb_column vc_column_container vc_col-sm-6\"><div class=\"vc_column-inner vc_custom_1622121849177\"><div class=\"wpb_wrapper\"><h2 style=\"font-size: 20px;color: #ffffff;text-align: left\" class=\"vc_custom_heading vc_custom_1622121751462\" ><a href=\"https:\/\/yogaparaelcambio.com\/en\/event\/shakti-moon-hecate\/\" title=\"SHAKTI MOON | H\u00c9CATE\">17 Enero | H\u00e9cate : La mujer medicina<\/a><\/h2><h2 style=\"font-size: 20px;color: #ffffff;text-align: left\" class=\"vc_custom_heading vc_custom_1621959867242\" ><a href=\"https:\/\/yogaparaelcambio.com\/en\/event\/circulo-de-mujeres-lilith\/\" title=\"SHAKTI MOON | lilith\">7 Febrero | Lilith : Sensualidad y Libertad<\/a><\/h2><h2 style=\"font-size: 20px;color: #ffffff;text-align: left\" class=\"vc_custom_heading vc_custom_1621959956498\" ><a href=\"https:\/\/yogaparaelcambio.com\/en\/event\/shakti-moon-persefone\/\" title=\"SHAKTI MOON | persefone\">14 Marzo | Pers\u00e9fone : Validaci\u00f3n y Maduraci\u00f3n<\/a><\/h2><h2 style=\"font-size: 20px;color: #ffffff;text-align: left\" class=\"vc_custom_heading vc_custom_1621959938591\" ><a href=\"https:\/\/yogaparaelcambio.com\/en\/event\/shakti-moon-lalita\/\" title=\"SHAKTI MOON | Lalita\">11 Abril | Lalita : Love Warrior<\/a><\/h2><h2 style=\"font-size: 20px;color: #ffffff;text-align: left\" class=\"vc_custom_heading vc_custom_1621960001793\" ><a href=\"https:\/\/yogaparaelcambio.com\/en\/event\/shakti-moon-afrodita\/\" title=\"SHAKTI MOON | afrodita\">9 Mayo | Afrodita : El gozo y el disfrute<\/a><\/h2><h2 style=\"font-size: 20px;color: #ffffff;text-align: left\" class=\"vc_custom_heading vc_custom_1621960044200\" >6 Junio | Saraswati : Creatividad y Manifestaci\u00f3n<\/h2><h2 style=\"font-size: 20px;color: #ffffff;text-align: left\" class=\"vc_custom_heading vc_custom_1621960076181\" >1 Julio | Isis : Sanando Amores<\/h2><h2 style=\"font-size: 20px;color: #ffffff;text-align: left\" class=\"vc_custom_heading vc_custom_1621960110269\" >8 Agosto | Durga : Salvaje y Creativa<\/h2><h2 style=\"font-size: 20px;color: #ffffff;text-align: left\" class=\"vc_custom_heading vc_custom_1630683914583\" ><a href=\"https:\/\/yogaparaelcambio.com\/en\/event\/hestia-shakti-moon\/\" title=\"SHAKTI MOON | HESTIA\">5 Septiembre | Hestia : Poniendo orden<\/a><\/h2><h2 style=\"font-size: 20px;color: #ffffff;text-align: left\" class=\"vc_custom_heading vc_custom_1621960158470\" >3 Octubre | Hera : Relaciones de Poder<\/h2><h2 style=\"font-size: 20px;color: #ffffff;text-align: left\" class=\"vc_custom_heading vc_custom_1621960194266\" >7 Noviembre | Kali : Transformaci\u00f3n<\/h2><h2 style=\"font-size: 20px;color: #ffffff;text-align: left\" class=\"vc_custom_heading vc_custom_1621960216309\" >5 Diciembre | Artemisa : Aventura y Desaf\u00edo<\/h2><\/div><\/div><\/div><div class=\"wpb_column vc_column_container vc_col-sm-6\"><div class=\"vc_column-inner\"><div class=\"wpb_wrapper\">\n\t<div  class=\"wpb_single_image wpb_content_element vc_align_center\">\n\t\t\n\t\t<figure class=\"wpb_wrapper vc_figure\">\n\t\t\t<div class=\"vc_single_image-wrapper   vc_box_border_grey\"><img width=\"736\" height=\"820\" src=\"https:\/\/yogaparaelcambio.com\/wp-content\/uploads\/2021\/05\/IMG_9388.jpg\" class=\"vc_single_image-img attachment-full\" alt=\"Circulos de mujeres diosas\" decoding=\"async\" loading=\"lazy\" title=\"Goddess circle\" srcset=\"https:\/\/yogaparaelcambio.com\/wp-content\/uploads\/2021\/05\/IMG_9388.jpg 736w, https:\/\/yogaparaelcambio.com\/wp-content\/uploads\/2021\/05\/IMG_9388-600x668.jpg 600w, https:\/\/yogaparaelcambio.com\/wp-content\/uploads\/2021\/05\/IMG_9388-269x300.jpg 269w, https:\/\/yogaparaelcambio.com\/wp-content\/uploads\/2021\/05\/IMG_9388-131x146.jpg 131w, https:\/\/yogaparaelcambio.com\/wp-content\/uploads\/2021\/05\/IMG_9388-45x50.jpg 45w, https:\/\/yogaparaelcambio.com\/wp-content\/uploads\/2021\/05\/IMG_9388-67x75.jpg 67w\" sizes=\"(max-width: 736px) 100vw, 736px\" \/><\/div>\n\t\t<\/figure>\n\t<\/div>\n<\/div><\/div><\/div><\/div><div class=\"vc_row-full-width vc_clearfix\"><\/div><div data-vc-full-width=\"true\" data-vc-full-width-init=\"false\" data-vc-stretch-content=\"true\" class=\"vc_row wpb_row vc_row-fluid\"><div class=\"wpb_column vc_column_container vc_col-sm-12\"><div class=\"vc_column-inner vc_custom_1538261766621\"><div class=\"wpb_wrapper\"><h1 style=\"font-size: 40px;line-height: 1;text-align: right\" class=\"vc_custom_heading\" ><a href=\"mailto:cristina@yogaparaelcambio.com\" title=\"contactar\">Sesiones privadas<\/a><\/h1><div class=\"vc_separator wpb_content_element vc_separator_align_center vc_sep_width_100 vc_sep_pos_align_center vc_separator_no_text vc_custom_1621952540983  vc_custom_1621952540983\" ><span class=\"vc_sep_holder vc_sep_holder_l\"><span style=\"border-color:#595959;\" class=\"vc_sep_line\"><\/span><\/span><span class=\"vc_sep_holder vc_sep_holder_r\"><span style=\"border-color:#595959;\" class=\"vc_sep_line\"><\/span><\/span>\n<\/div><\/div><\/div><\/div><\/div><div class=\"vc_row-full-width vc_clearfix\"><\/div><div data-vc-full-width=\"true\" data-vc-full-width-init=\"false\" data-vc-stretch-content=\"true\" class=\"vc_row wpb_row vc_row-fluid\"><div class=\"wpb_column vc_column_container vc_col-sm-8\"><div class=\"vc_column-inner\"><div class=\"wpb_wrapper\">\n\t<div class=\"wpb_text_column wpb_content_element\" >\n\t\t<div class=\"wpb_wrapper\">\n\t\t\t<h3 style=\"text-align: left;\">Celebra un c\u00edrculo de mujeres con tus amigas para celebrar rituales de paso en cumplea\u00f1os, despedida de soltera, babyshowers o comparte un espacio diferente con tus amigas de siempre.<\/h3>\n\n\t\t<\/div>\n\t<\/div>\n<\/div><\/div><\/div><div class=\"wpb_column vc_column_container vc_col-sm-4\"><div class=\"vc_column-inner\"><div class=\"wpb_wrapper\">\n\t<div  class=\"wpb_single_image wpb_content_element vc_align_left\">\n\t\t\n\t\t<figure class=\"wpb_wrapper vc_figure\">\n\t\t\t<div class=\"vc_single_image-wrapper   vc_box_border_grey\"><img class=\"vc_single_image-img\" src=\"https:\/\/yogaparaelcambio.com\/wp-content\/uploads\/2021\/05\/women-circle-cristina-amdrid-scaled-400x600.jpg\" width=\"400\" height=\"600\" alt=\"c\u00edrculo de mujeres\" title=\"goddess circle\" loading=\"lazy\" \/><\/div>\n\t\t<\/figure>\n\t<\/div>\n<\/div><\/div><\/div><\/div><div class=\"vc_row-full-width vc_clearfix\"><\/div><div data-vc-full-width=\"true\" data-vc-full-width-init=\"false\" data-vc-parallax=\"1.5\" class=\"vc_row wpb_row vc_row-fluid vc_custom_1622121924598 vc_row-has-fill vc_general vc_parallax vc_parallax-content-moving\"><div class=\"wpb_column vc_column_container vc_col-sm-12\"><div class=\"vc_column-inner\"><div class=\"wpb_wrapper\"><h3 style=\"font-size: 40px;color: #ffffff;line-height: 1;text-align: center;font-family:Unna;font-weight:400;font-style:normal\" class=\"vc_custom_heading\" >There's life in every breathe<\/h3>\n\t<div class=\"wpb_text_column wpb_content_element\" >\n\t\t<div class=\"wpb_wrapper\">\n\t\t\t<p style=\"text-align: center;\"><span style=\"color: #ffffff;\">Why not experience each one of them?<\/span><\/p>\n\n\t\t<\/div>\n\t<\/div>\n<div class=\"vc_btn3-container vc_btn3-center\" ><a onmouseleave=\"this.style.borderColor='#ffffff'; this.style.backgroundColor='transparent'; this.style.color='#ffffff'\" onmouseenter=\"this.style.borderColor='#ffffff'; this.style.backgroundColor='#ffffff'; this.style.color='#595959';\" style=\"border-color:#ffffff; color:#ffffff;\" class=\"vc_general vc_btn3 vc_btn3-size-lg vc_btn3-shape-square vc_btn3-style-outline-custom\" href=\"mailto:cristina@yogaparaelcambio.com\" title=\"\">Contact me<\/a><\/div><\/div><\/div><\/div><\/div><div class=\"vc_row-full-width vc_clearfix\"><\/div>\n<\/div>","protected":false},"excerpt":{"rendered":"Goddess Circles Con el tiempo he ido descubriendo el poder de reunirnos, compartirnos y trabajar desde el cuerpo, desde la experimentaci\u00f3n, el movimiento y el cuerpo<span class=\"excerpt-hellip\"> [\u2026]<\/span>","protected":false},"author":1,"featured_media":0,"parent":0,"menu_order":0,"comment_status":"closed","ping_status":"closed","template":"","meta":{"pmpro_default_level":"","_price":"","_stock":"","_tribe_ticket_header":"","_tribe_default_ticket_provider":"","_tribe_ticket_capacity":"0","_ticket_start_date":"","_ticket_end_date":"","_tribe_ticket_show_description":"","_tribe_ticket_show_not_going":false,"_tribe_ticket_use_global_stock":"","_tribe_ticket_global_stock_level":"","_global_stock_mode":"","_global_stock_cap":"","_tribe_rsvp_for_event":"","_tribe_ticket_going_count":"","_tribe_ticket_not_going_count":"","_tribe_tickets_list":"[]","_tribe_ticket_has_attendee_info_fields":false,"_EventAllDay":false,"_EventTimezone":"","_EventStartDate":"","_EventEndDate":"","_EventStartDateUTC":"","_EventEndDateUTC":"","_EventShowMap":false,"_EventShowMapLink":false,"_EventURL":"","_EventCost":"","_EventCostDescription":"","_EventCurrencySymbol":"","_EventCurrencyCode":"","_EventCurrencyPosition":"","_EventDateTimeSeparator":"","_EventTimeRangeSeparator":"","_EventOrganizerID":[],"_EventVenueID":[],"_OrganizerEmail":"","_OrganizerPhone":"","_OrganizerWebsite":"","_VenueAddress":"","_VenueCity":"","_VenueCountry":"","_VenueProvince":"","_VenueState":"","_VenueZip":"","_VenuePhone":"","_VenueURL":"","_VenueStateProvince":"","_VenueLat":"","_VenueLng":"","_VenueShowMap":false,"_VenueShowMapLink":false},"yoast_head":"<!-- This site is optimized with the Yoast SEO plugin v21.5 - https:\/\/yoast.com\/wordpress\/plugins\/seo\/ -->\n<title>El viaje de la diosa | Procesos terapeuticos | Yoga para el cambio<\/title>\n<meta name=\"description\" content=\"El viaje de la diosa es un recorrido por diferentes arquetipos para en su resonancia ayudarnos a reflexionar e implementar transformaci\u00f3n.\" \/>\n<meta name=\"robots\" content=\"index, follow, max-snippet:-1, max-image-preview:large, max-video-preview:-1\" \/>\n<link rel=\"canonical\" href=\"https:\/\/yogaparaelcambio.com\/en\/el-viaje-de-la-diosa\/\" \/>\n<meta property=\"og:locale\" content=\"en_GB\" \/>\n<meta property=\"og:type\" content=\"article\" \/>\n<meta property=\"og:title\" content=\"El viaje de la diosa | Procesos terapeuticos | Yoga para el cambio\" \/>\n<meta property=\"og:description\" content=\"El viaje de la diosa es un recorrido por diferentes arquetipos para en su resonancia ayudarnos a reflexionar e implementar transformaci\u00f3n.\" \/>\n<meta property=\"og:url\" content=\"https:\/\/yogaparaelcambio.com\/en\/el-viaje-de-la-diosa\/\" \/>\n<meta property=\"og:site_name\" content=\"Yoga para el cambio\" \/>\n<meta property=\"article:publisher\" content=\"https:\/\/www.facebook.com\/cristinamadridyoga\" \/>\n<meta property=\"article:modified_time\" content=\"2022-10-02T07:41:10+00:00\" \/>\n<meta name=\"twitter:card\" content=\"summary_large_image\" \/>\n<meta name=\"twitter:label1\" content=\"Estimated reading time\" \/>\n\t<meta name=\"twitter:data1\" content=\"6 minutes\" \/>\n<script type=\"application\/ld+json\" class=\"yoast-schema-graph\">{\"@context\":\"https:\/\/schema.org\",\"@graph\":[{\"@type\":\"WebPage\",\"@id\":\"https:\/\/yogaparaelcambio.com\/el-viaje-de-la-diosa\",\"url\":\"https:\/\/yogaparaelcambio.com\/el-viaje-de-la-diosa\",\"name\":\"El viaje de la diosa | Procesos terapeuticos | Yoga para el cambio\",\"isPartOf\":{\"@id\":\"https:\/\/yogaparaelcambio.com\/#website\"},\"datePublished\":\"2020-12-09T07:51:52+00:00\",\"dateModified\":\"2022-10-02T07:41:10+00:00\",\"description\":\"El viaje de la diosa es un recorrido por diferentes arquetipos para en su resonancia ayudarnos a reflexionar e implementar transformaci\u00f3n.\",\"breadcrumb\":{\"@id\":\"https:\/\/yogaparaelcambio.com\/el-viaje-de-la-diosa#breadcrumb\"},\"inLanguage\":\"en-GB\",\"potentialAction\":[{\"@type\":\"ReadAction\",\"target\":[\"https:\/\/yogaparaelcambio.com\/el-viaje-de-la-diosa\"]}]},{\"@type\":\"BreadcrumbList\",\"@id\":\"https:\/\/yogaparaelcambio.com\/el-viaje-de-la-diosa#breadcrumb\",\"itemListElement\":[{\"@type\":\"ListItem\",\"position\":1,\"name\":\"Portada\",\"item\":\"https:\/\/yogaparaelcambio.com\/\"},{\"@type\":\"ListItem\",\"position\":2,\"name\":\"El viaje de la diosa\"}]},{\"@type\":\"WebSite\",\"@id\":\"https:\/\/yogaparaelcambio.com\/#website\",\"url\":\"https:\/\/yogaparaelcambio.com\/\",\"name\":\"Yoga para el cambio\",\"description\":\"Yoga Flow, Breathwork, Healing\",\"publisher\":{\"@id\":\"https:\/\/yogaparaelcambio.com\/#organization\"},\"potentialAction\":[{\"@type\":\"SearchAction\",\"target\":{\"@type\":\"EntryPoint\",\"urlTemplate\":\"https:\/\/yogaparaelcambio.com\/?s={search_term_string}\"},\"query-input\":\"required name=search_term_string\"}],\"inLanguage\":\"en-GB\"},{\"@type\":\"Organization\",\"@id\":\"https:\/\/yogaparaelcambio.com\/#organization\",\"name\":\"Yoga para el cambio\",\"url\":\"https:\/\/yogaparaelcambio.com\/\",\"logo\":{\"@type\":\"ImageObject\",\"inLanguage\":\"en-GB\",\"@id\":\"https:\/\/yogaparaelcambio.com\/#\/schema\/logo\/image\/\",\"url\":\"https:\/\/yogaparaelcambio.com\/wp-content\/uploads\/2018\/01\/cropped-logo-ypc.jpg\",\"contentUrl\":\"https:\/\/yogaparaelcambio.com\/wp-content\/uploads\/2018\/01\/cropped-logo-ypc.jpg\",\"width\":512,\"height\":512,\"caption\":\"Yoga para el cambio\"},\"image\":{\"@id\":\"https:\/\/yogaparaelcambio.com\/#\/schema\/logo\/image\/\"},\"sameAs\":[\"https:\/\/www.facebook.com\/cristinamadridyoga\",\"https:\/\/www.instagram.com\/cristinamadridyoga\/\"]}]}<\/script>\n<!-- \/ Yoast SEO plugin. -->","yoast_head_json":{"title":"El viaje de la diosa | Procesos terapeuticos | Yoga para el cambio","description":"El viaje de la diosa es un recorrido por diferentes arquetipos para en su resonancia ayudarnos a reflexionar e implementar transformaci\u00f3n.","robots":{"index":"index","follow":"follow","max-snippet":"max-snippet:-1","max-image-preview":"max-image-preview:large","max-video-preview":"max-video-preview:-1"},"canonical":"https:\/\/yogaparaelcambio.com\/en\/el-viaje-de-la-diosa\/","og_locale":"en_GB","og_type":"article","og_title":"El viaje de la diosa | Procesos terapeuticos | Yoga para el cambio","og_description":"El viaje de la diosa es un recorrido por diferentes arquetipos para en su resonancia ayudarnos a reflexionar e implementar transformaci\u00f3n.","og_url":"https:\/\/yogaparaelcambio.com\/en\/el-viaje-de-la-diosa\/","og_site_name":"Yoga para el cambio","article_publisher":"https:\/\/www.facebook.com\/cristinamadridyoga","article_modified_time":"2022-10-02T07:41:10+00:00","twitter_card":"summary_large_image","twitter_misc":{"Estimated reading time":"6 minutes"},"schema":{"@context":"https:\/\/schema.org","@graph":[{"@type":"WebPage","@id":"https:\/\/yogaparaelcambio.com\/el-viaje-de-la-diosa","url":"https:\/\/yogaparaelcambio.com\/el-viaje-de-la-diosa","name":"El viaje de la diosa | Procesos terapeuticos | Yoga para el cambio","isPartOf":{"@id":"https:\/\/yogaparaelcambio.com\/#website"},"datePublished":"2020-12-09T07:51:52+00:00","dateModified":"2022-10-02T07:41:10+00:00","description":"El viaje de la diosa es un recorrido por diferentes arquetipos para en su resonancia ayudarnos a reflexionar e implementar transformaci\u00f3n.","breadcrumb":{"@id":"https:\/\/yogaparaelcambio.com\/el-viaje-de-la-diosa#breadcrumb"},"inLanguage":"en-GB","potentialAction":[{"@type":"ReadAction","target":["https:\/\/yogaparaelcambio.com\/el-viaje-de-la-diosa"]}]},{"@type":"BreadcrumbList","@id":"https:\/\/yogaparaelcambio.com\/el-viaje-de-la-diosa#breadcrumb","itemListElement":[{"@type":"ListItem","position":1,"name":"Portada","item":"https:\/\/yogaparaelcambio.com\/"},{"@type":"ListItem","position":2,"name":"El viaje de la diosa"}]},{"@type":"WebSite","@id":"https:\/\/yogaparaelcambio.com\/#website","url":"https:\/\/yogaparaelcambio.com\/","name":"Yoga para el cambio","description":"Yoga Flow, Breathwork, Healing","publisher":{"@id":"https:\/\/yogaparaelcambio.com\/#organization"},"potentialAction":[{"@type":"SearchAction","target":{"@type":"EntryPoint","urlTemplate":"https:\/\/yogaparaelcambio.com\/?s={search_term_string}"},"query-input":"required name=search_term_string"}],"inLanguage":"en-GB"},{"@type":"Organization","@id":"https:\/\/yogaparaelcambio.com\/#organization","name":"Yoga para el cambio","url":"https:\/\/yogaparaelcambio.com\/","logo":{"@type":"ImageObject","inLanguage":"en-GB","@id":"https:\/\/yogaparaelcambio.com\/#\/schema\/logo\/image\/","url":"https:\/\/yogaparaelcambio.com\/wp-content\/uploads\/2018\/01\/cropped-logo-ypc.jpg","contentUrl":"https:\/\/yogaparaelcambio.com\/wp-content\/uploads\/2018\/01\/cropped-logo-ypc.jpg","width":512,"height":512,"caption":"Yoga para el cambio"},"image":{"@id":"https:\/\/yogaparaelcambio.com\/#\/schema\/logo\/image\/"},"sameAs":["https:\/\/www.facebook.com\/cristinamadridyoga","https:\/\/www.instagram.com\/cristinamadridyoga\/"]}]}},"_links":{"self":[{"href":"https:\/\/yogaparaelcambio.com\/en\/wp-json\/wp\/v2\/pages\/1942"}],"collection":[{"href":"https:\/\/yogaparaelcambio.com\/en\/wp-json\/wp\/v2\/pages"}],"about":[{"href":"https:\/\/yogaparaelcambio.com\/en\/wp-json\/wp\/v2\/types\/page"}],"author":[{"embeddable":true,"href":"https:\/\/yogaparaelcambio.com\/en\/wp-json\/wp\/v2\/users\/1"}],"replies":[{"embeddable":true,"href":"https:\/\/yogaparaelcambio.com\/en\/wp-json\/wp\/v2\/comments?post=1942"}],"version-history":[{"count":33,"href":"https:\/\/yogaparaelcambio.com\/en\/wp-json\/wp\/v2\/pages\/1942\/revisions"}],"predecessor-version":[{"id":2671,"href":"https:\/\/yogaparaelcambio.com\/en\/wp-json\/wp\/v2\/pages\/1942\/revisions\/2671"}],"wp:attachment":[{"href":"https:\/\/yogaparaelcambio.com\/en\/wp-json\/wp\/v2\/media?parent=1942"}],"curies":[{"name":"wp","href":"https:\/\/api.w.org\/{rel}","templated":true}]}}