{"id":760,"date":"2018-05-24T16:27:40","date_gmt":"2018-05-24T16:27:40","guid":{"rendered":"http:\/\/yogaparaelcambio.com\/?page_id=760"},"modified":"2018-10-30T13:36:26","modified_gmt":"2018-10-30T13:36:26","slug":"politica-de-privacidad","status":"publish","type":"page","link":"https:\/\/yogaparaelcambio.com\/en\/politica-de-privacidad","title":{"rendered":"Politica de privacidad"},"content":{"rendered":"<div class=\"wpb-content-wrapper\"><div class=\"vc_row wpb_row vc_row-fluid\"><div class=\"wpb_column vc_column_container vc_col-sm-12\"><div class=\"vc_column-inner\"><div class=\"wpb_wrapper\"><h1 style=\"font-size: 40px;text-align: center;font-family:Montserrat;font-weight:400;font-style:normal\" class=\"vc_custom_heading\" >Pol\u00edtica de privacidad<\/h1>\n\t<div class=\"wpb_text_column wpb_content_element\" >\n\t\t<div class=\"wpb_wrapper\">\n\t\t\t<h1 style=\"text-align: center;\"><\/h1>\n<p>&nbsp;<\/p>\n<p><span style=\"font-weight: 400;\">Responsable: <\/span><span style=\"font-weight: 400;\">Cristina Madrid Miguel, <\/span><span style=\"font-weight: 400;\">de aqu\u00ed en adelante con el nombre comercial <\/span><span style=\"font-weight: 400;\">Yoga para el cambio<\/span><\/p>\n<p><span style=\"font-weight: 400;\">Domicilio fiscal: <\/span><span style=\"font-weight: 400;\">C\/ Granada 39, edch 3 \u2013 Madrid<\/span><\/p>\n<p><span style=\"font-weight: 400;\">NIF: 70070151F<\/span><\/p>\n<p><span style=\"font-weight: 400;\">E-mail: <\/span><span style=\"font-weight: 400;\">hola@yogaparaelcambio.com<\/span><\/p>\n<p><span style=\"font-weight: 400;\">Nombre de dominio: <\/span><a href=\"https:\/\/yogaparaelcambio.com\/en\/\"><span style=\"font-weight: 400;\">www.yogaparaelcambio.com<\/span><\/a><\/p>\n<p>&nbsp;<\/p>\n<p><span style=\"font-weight: 400;\">De conformidad con lo dispuesto en la Ley Org\u00e1nica 15\/1999, de Protecci\u00f3n de Datos de Car\u00e1cter Personal (LOPD) su normativa de desarrollo, y la LSSICE 34\/2002, de 11 de julio, de la Sociedad de la Informaci\u00f3n y de Comercio Electr\u00f3nico, <\/span><span style=\"font-weight: 400;\">Yoga para el cambio <\/span><span style=\"font-weight: 400;\">en cumplimiento de lo dispuesto en el art. 5 y 6 de la LOPD, informa a todos los usuarios que faciliten o vayan a facilitar sus datos personales, que estos ser\u00e1n incorporados en un fichero automatizado que se encuentra debidamente inscrito en la Agencia Espa\u00f1ola de Protecci\u00f3n de Datos.<\/span><\/p>\n<p><span style=\"font-weight: 400;\">La recogida y tratamiento automatizado de los datos de cara\u0301cter personal tiene como finalidad el mantenimiento de la relacio\u0301n comercial y el desempen\u0303o de tareas de informacio\u0301n, formacio\u0301n, asesoramiento y otras actividades .<\/span><\/p>\n<p><span style=\"font-weight: 400;\">Estos datos u\u0301nicamente sera\u0301n cedidos a aquellas entidades que sean necesarias con el u\u0301nico objetivo de dar cumplimiento a la finalidad anteriormente expuesta.<\/span><\/p>\n<p><span style=\"font-weight: 400;\">Yoga para el cambio adopta las medidas necesarias para garantizar la seguridad, integridad y confidencialidad de los datos conforme a lo dispuesto en el Reglamento (UE) 2016\/679 del Parlamento Europeo y del Consejo, de 27 de abril de 2016, relativo a la proteccio\u0301n de las personas fi\u0301sicas en lo que respecta al tratamiento de datos personales y a la libre circulacio\u0301n de los mismos.<\/span><\/p>\n<p><span style=\"font-weight: 400;\">El usuario podra\u0301 en cualquier momento ejercitar los derechos de acceso, oposicio\u0301n, rectificacio\u0301n y cancelacio\u0301n reconocidos en el citado Reglamento (UE). El ejercicio de estos derechos puede realizarlo el propio usuario a trave\u0301s de email a: <\/span><a href=\"mailto:hola@yogaparaelcambio.com\"><span style=\"font-weight: 400;\">hola@yogaparaelcambio.com<\/span><\/a><span style=\"font-weight: 400;\"> o en la direccio\u0301n:C Granada 39, esc dcha.<\/span><\/p>\n<p><span style=\"font-weight: 400;\">El usuario manifiesta que todos los datos facilitados por e\u0301l son ciertos y correctos, y se compromete a mantenerlos actualizados, comunicando los cambios a Yoga para el cambio.<\/span><\/p>\n<p>&nbsp;<\/p>\n<h2><span style=\"font-weight: 400;\">Finalidad del tratamiento de los datos personales:<\/span><\/h2>\n<p>&nbsp;<\/p>\n<p><span style=\"font-weight: 400;\">Los usuarios, aceptan expresamente y de forma libre e inequ\u00edvoca que sus datos personales sean tratados por parte de <\/span><span style=\"font-weight: 400;\">Yoga para el cambio <\/span><span style=\"font-weight: 400;\">para realizar las siguientes finalidades:<\/span><\/p>\n<p>&nbsp;<\/p>\n<ol>\n<li style=\"font-weight: 400;\"><span style=\"color: #3b2f3b;\"><span style=\"font-weight: 400;\">Remisi\u00f3n de comunicaciones publicitarias por e-mail, SMS, MMS, comunidades sociales o cualesquier otro medio electr\u00f3nico o f\u00edsico, presente o futuro, que posibilite realizar comunicaciones publicitarias, siempre y cuando se haya autorizado previamente. Dichas comunicaciones ser\u00e1n relacionadas sobre clases, tratamientos, terapias, seminarios, cursos o servicios ofrecidos por<\/span><span style=\"font-weight: 400;\"> Yoga para el cambio <\/span><span style=\"font-weight: 400;\">as\u00ed como por parte de los colaboradores o partners con los que \u00e9ste hubiera alcanzado alg\u00fan acuerdo de promoci\u00f3n comercial entre sus clientes. En este caso, los terceros nunca tendr\u00e1n acceso a los datos personales. En todo caso las comunicaciones ser\u00e1n realizadas por parte de <\/span><span style=\"font-weight: 400;\">Yoga para el cambio <\/span><span style=\"font-weight: 400;\">y ser\u00e1n de productos y servicios relacionados con el sector de <\/span><span style=\"font-weight: 400;\">Yoga para el cambio.<\/span><\/span><\/li>\n<li style=\"font-weight: 400;\"><span style=\"font-weight: 400; color: #3b2f3b;\">Realizar estudios estad\u00edsticos.<\/span><\/li>\n<li style=\"font-weight: 400;\"><span style=\"color: #3b2f3b;\"><span style=\"font-weight: 400;\">Tramitar encargos, solicitudes o cualquier tipo de petici\u00f3n que sea realizada por el usuario a trav\u00e9s de cualquiera de las formas de contacto que se ponen a disposici\u00f3n del usuario en <\/span><span style=\"font-weight: 400;\">Yoga para el cambio<\/span><\/span><\/li>\n<li style=\"font-weight: 400;\"><span style=\"font-weight: 400; color: #3b2f3b;\">Env\u00edo de la newsletter a aquellos usuarios que se suscriban.<\/span><\/li>\n<\/ol>\n<p>&nbsp;<\/p>\n<p><span style=\"font-weight: 400;\">Yoga para el cambio <\/span><span style=\"font-weight: 400;\">informa y garantiza expresamente a los usuarios que sus datos personales no ser\u00e1n cedidos en ning\u00fan caso a terceras compa\u00f1\u00edas, y que siempre que fuera a realizarse alg\u00fan tipo de cesi\u00f3n de datos personales, de forma previa, se solicitar\u00eda el consentimiento expreso, informado, e inequ\u00edvoco por parte de los titulares.<\/span><\/p>\n<p>&nbsp;<\/p>\n<p><span style=\"font-weight: 400;\">Mediante la cumplimentaci\u00f3n y env\u00edo de los correspondientes formularios de esta web, el Usuario acepta y autoriza que sus datos personales sean objeto de tratamiento automatizado por parte de <\/span><span style=\"font-weight: 400;\">Yoga para el cambio <\/span><span style=\"font-weight: 400;\">En caso que Ud. incluya en los formularios de esta web, datos de car\u00e1cter personal titularidad de terceras personas deber\u00e1, con car\u00e1cter previo a su inclusi\u00f3n, obtener su consentimiento e informarle de los extremos contenidos en los p\u00e1rrafos anteriores.<\/span><\/p>\n<p>&nbsp;<\/p>\n<p><span style=\"font-weight: 400;\">Todos los datos solicitados a trav\u00e9s de <\/span><span style=\"font-weight: 400;\">Yoga para el cambio <\/span><span style=\"font-weight: 400;\">son obligatorios, ya que son necesarios para la prestaci\u00f3n de un servicio \u00f3ptimo al usuario. En caso de que no sean facilitados todos los datos, <\/span><span style=\"font-weight: 400;\">Yoga para el cambio <\/span><span style=\"font-weight: 400;\">no garantiza que la informaci\u00f3n y servicios facilitados sean completamente ajustados a sus necesidades.<\/span><\/p>\n<p>&nbsp;<\/p>\n<h2>Derechos de acceso, rectificaci\u00f3n y cancelaci\u00f3n<\/h2>\n<p>&nbsp;<\/p>\n<p><span style=\"font-weight: 400;\">Yoga para el cambio <\/span><span style=\"font-weight: 400;\">garantiza en todo caso al usuario el ejercicio de los derechos de acceso, rectificaci\u00f3n, cancelaci\u00f3n, informaci\u00f3n y oposici\u00f3n, en los t\u00e9rminos dispuestos en la legislaci\u00f3n vigente. Por ello, de conformidad con lo dispuesto en la Ley Org\u00e1nica 15\/1999, de Protecci\u00f3n de Datos de Car\u00e1cter Personal (LOPD) podr\u00e1 ejercer sus derechos remitiendo una solicitud expresa, junto a una copia de su DNI, a trav\u00e9s de los siguientes medios:<\/span><\/p>\n<p>&nbsp;<\/p>\n<p><span style=\"font-weight: 400;\">E-Mail: hola@yogaparaelcambio.com<\/span><\/p>\n<p><span style=\"font-weight: 400;\">Correo Postal: <\/span><span style=\"font-weight: 400;\">C\/ Granada 39,edch . 3\u00ba \u2013 Madrid<\/span><\/p>\n<p><span style=\"font-weight: 400;\">Del mismo modo, el usuario podr\u00e1 darse de baja de cualquiera de los servicios de suscripci\u00f3n facilitados enviando un correo electr\u00f3nico a: \u00a0hola@yogaparaelcambio.com.<\/span><\/p>\n<p>&nbsp;<\/p>\n<p><span style=\"font-weight: 400;\">\u00a0<\/span><span style=\"font-weight: 400;\">Yoga para el cambio <\/span><span style=\"font-weight: 400;\">ha adoptado todas las medidas t\u00e9cnicas y de organizaci\u00f3n necesaria para garantizar la seguridad e integridad de los datos de car\u00e1cter personal que trate, as\u00ed como para evitar su p\u00e9rdida, alteraci\u00f3n y\/o acceso por parte de terceros no autorizados.<\/span><\/p>\n<p><span style=\"font-weight: 400;\">Yoga para el cambio<\/span> <span style=\"font-weight: 400;\">utiliza t\u00e9cnicas de seguridad de la informaci\u00f3n generalmente aceptada en la industria, tales como firewalls, procedimientos de control de acceso y mecanismos criptogr\u00e1ficos, todo ello con el objeto de evitar el acceso no autorizado a los datos. Para lograr estos fines, el usuario\/cliente acepta que el prestador obtenga datos para efectos de la correspondiente autenticaci\u00f3n de los controles de acceso.<\/span><\/p>\n<p>&nbsp;<\/p>\n<h2><span style=\"font-weight: 400;\">Propiedad Intelectual<\/span><\/h2>\n<p>&nbsp;<\/p>\n<p><span style=\"font-weight: 400;\">Esta web es propiedad de <\/span><span style=\"font-weight: 400;\">Cristina Madrid <\/span><span style=\"font-weight: 400;\">Los derechos de Propiedad Intelectual y derechos de explotaci\u00f3n y reproducci\u00f3n de esta web, de sus p\u00e1ginas, pantallas, la Informaci\u00f3n que contienen, su apariencia y dise\u00f1o, as\u00ed como los v\u00ednculos (\u201chiperlinks\u201d) que se establezcan desde ella a otras p\u00e1ginas web de cualquier sociedad filial y\/o dominada de <\/span><span style=\"font-weight: 400;\">Yoga para el cambio<\/span><span style=\"font-weight: 400;\">, son propiedad exclusiva de \u00e9sta, salvo que expresamente se especifique otra cosa. Cualquier denominaci\u00f3n, dise\u00f1o y\/o logotipo, as\u00ed como cualquier producto o servicio ofrecidos y reflejados en esta p\u00e1gina web, son marcas debidamente registradas por<\/span><span style=\"font-weight: 400;\"> Yoga para el cambio<\/span><span style=\"font-weight: 400;\">, por sus sociedades filiales y\/o dominadas o por terceros. <\/span><\/p>\n<p>&nbsp;<\/p>\n<p><span style=\"font-weight: 400;\">S\u00f3lo para uso personal y privado se permite descargar los contenidos, copiar o imprimir cualquier p\u00e1gina de esta web. Queda prohibido reproducir, transmitir, modificar o suprimir la informaci\u00f3n, contenido o advertencias de esta web sin la previa autorizaci\u00f3n por escrito de <\/span><span style=\"font-weight: 400;\">Yoga para el cambio.<\/span><\/p>\n<p>&nbsp;<\/p>\n<p><span style=\"font-weight: 400;\">Los contenidos suministrados por <\/span><span style=\"font-weight: 400;\">Yoga para el cambio <\/span><span style=\"font-weight: 400;\">est\u00e1n sujetos a los derechos de propiedad intelectual e industrial y son titularidad exclusiva de <\/span><span style=\"font-weight: 400;\">Yoga para el cambio <\/span><span style=\"font-weight: 400;\">o de las personas f\u00edsicas o jur\u00eddicas que se informe. Mediante la adquisici\u00f3n de un producto o servicio, <\/span><span style=\"font-weight: 400;\">Yoga para el cambio <\/span><span style=\"font-weight: 400;\">no confiere al adquirente ning\u00fan derecho de alteraci\u00f3n, explotaci\u00f3n, reproducci\u00f3n, distribuci\u00f3n o comunicaci\u00f3n p\u00fablica sobre el mismo, reserv\u00e1ndose <\/span><span style=\"font-weight: 400;\">Yoga para el cambio <\/span><span style=\"font-weight: 400;\">todos estos derechos. <\/span><\/p>\n<p>&nbsp;<\/p>\n<p><span style=\"font-weight: 400;\">La cesi\u00f3n de los citados derechos precisar\u00e1 el previo consentimiento por escrito por parte del titular de los mismos, de manera que el cliente no podr\u00e1 poner a disposici\u00f3n de terceras personas dichos contenidos.<\/span><\/p>\n<p>&nbsp;<\/p>\n<p><span style=\"font-weight: 400;\">La propiedad intelectual se extiende, adem\u00e1s del contenido incluido en<\/span><span style=\"font-weight: 400;\"> Yoga para el cambio<\/span><span style=\"font-weight: 400;\">, a sus gr\u00e1ficos, logotipos, dise\u00f1os, im\u00e1genes y c\u00f3digos fuente utilizado para su programaci\u00f3n.<\/span><\/p>\n<p><span style=\"font-weight: 400;\">Yoga para el cambio <\/span><span style=\"font-weight: 400;\">ha obtenido la Informaci\u00f3n y los materiales incluidos en la web de fuentes consideradas como fiables y, si bien se han tomado medidas razonables para asegurarse de que la informaci\u00f3n contenida sea la correcta, <\/span><span style=\"font-weight: 400;\">Yoga para el cambio <\/span><span style=\"font-weight: 400;\">no puede garantizar que en todo momento y circunstancia dicha informaci\u00f3n sea exacta, completa, actualizada y, consecuentemente, no debe confiarse en ella como si lo fuera. <\/span><span style=\"font-weight: 400;\">Yoga para el cambio <\/span><span style=\"font-weight: 400;\">declina expresamente cualquier responsabilidad por error u omisi\u00f3n en la Informaci\u00f3n contenida en las p\u00e1ginas de esta web.<\/span><\/p>\n<p>&nbsp;<\/p>\n<p><span style=\"font-weight: 400;\">Yoga para el cambio <\/span><span style=\"font-weight: 400;\">se reserva la facultad de modificar, suspender, cancelar o restringir el contenido de la web, los v\u00ednculos o la informaci\u00f3n obtenida a trav\u00e9s de ella, sin necesidad de previo aviso. \u00c9sta, en ning\u00fan caso, asume responsabilidad alguna como consecuencia de la incorrecta utilizaci\u00f3n de la web que pueda llevar a cabo el usuario, tanto de la informaci\u00f3n como de los servicios en ella contenidos.<\/span><\/p>\n<p>As\u00ed mismo se le recuerda que usted tiene derecho a presentar una reclamaci\u00f3n ante La Agencia Espa\u00f1ola de Protecci\u00f3n de datos.<\/p>\n<p>Esta declaraci\u00f3n de privacidad ha sido actualizada por \u00faltima vez en septiembre de 2018.<\/p>\n<p>\u00a9 2018 Yoga para el cambio.<\/p>\n\n\t\t<\/div>\n\t<\/div>\n<\/div><\/div><\/div><\/div><div class=\"vc_row wpb_row vc_row-fluid\"><div class=\"wpb_column vc_column_container vc_col-sm-12\"><div class=\"vc_column-inner\"><div class=\"wpb_wrapper\"><\/div><\/div><\/div><\/div>\n<\/div>","protected":false},"excerpt":{"rendered":"Pol\u00edtica de privacidad &nbsp; Responsable: Cristina Madrid Miguel, de aqu\u00ed en adelante con el nombre comercial Yoga para el cambio Domicilio fiscal: C\/ Granada 39, edch<span class=\"excerpt-hellip\"> [\u2026]<\/span>","protected":false},"author":1,"featured_media":0,"parent":0,"menu_order":0,"comment_status":"closed","ping_status":"closed","template":"","meta":{"pmpro_default_level":"","_price":"","_stock":"","_tribe_ticket_header":"","_tribe_default_ticket_provider":"","_tribe_ticket_capacity":"0","_ticket_start_date":"","_ticket_end_date":"","_tribe_ticket_show_description":"","_tribe_ticket_show_not_going":false,"_tribe_ticket_use_global_stock":"","_tribe_ticket_global_stock_level":"","_global_stock_mode":"","_global_stock_cap":"","_tribe_rsvp_for_event":"","_tribe_ticket_going_count":"","_tribe_ticket_not_going_count":"","_tribe_tickets_list":"[]","_tribe_ticket_has_attendee_info_fields":false,"_EventAllDay":false,"_EventTimezone":"","_EventStartDate":"","_EventEndDate":"","_EventStartDateUTC":"","_EventEndDateUTC":"","_EventShowMap":false,"_EventShowMapLink":false,"_EventURL":"","_EventCost":"","_EventCostDescription":"","_EventCurrencySymbol":"","_EventCurrencyCode":"","_EventCurrencyPosition":"","_EventDateTimeSeparator":"","_EventTimeRangeSeparator":"","_EventOrganizerID":[],"_EventVenueID":[],"_OrganizerEmail":"","_OrganizerPhone":"","_OrganizerWebsite":"","_VenueAddress":"","_VenueCity":"","_VenueCountry":"","_VenueProvince":"","_VenueState":"","_VenueZip":"","_VenuePhone":"","_VenueURL":"","_VenueStateProvince":"","_VenueLat":"","_VenueLng":"","_VenueShowMap":false,"_VenueShowMapLink":false},"yoast_head":"<!-- This site is optimized with the Yoast SEO plugin v21.5 - https:\/\/yoast.com\/wordpress\/plugins\/seo\/ -->\n<title>Politica de privacidad - Yoga para el cambio<\/title>\n<meta name=\"robots\" content=\"index, follow, max-snippet:-1, max-image-preview:large, max-video-preview:-1\" \/>\n<link rel=\"canonical\" href=\"https:\/\/yogaparaelcambio.com\/en\/politica-de-privacidad\/\" \/>\n<meta property=\"og:locale\" content=\"en_GB\" \/>\n<meta property=\"og:type\" content=\"article\" \/>\n<meta property=\"og:title\" content=\"Politica de privacidad - Yoga para el cambio\" \/>\n<meta property=\"og:url\" content=\"https:\/\/yogaparaelcambio.com\/en\/politica-de-privacidad\/\" \/>\n<meta property=\"og:site_name\" content=\"Yoga para el cambio\" \/>\n<meta property=\"article:publisher\" content=\"https:\/\/www.facebook.com\/cristinamadridyoga\" \/>\n<meta property=\"article:modified_time\" content=\"2018-10-30T13:36:26+00:00\" \/>\n<meta name=\"twitter:card\" content=\"summary_large_image\" \/>\n<meta name=\"twitter:label1\" content=\"Estimated reading time\" \/>\n\t<meta name=\"twitter:data1\" content=\"8 minutes\" \/>\n<script type=\"application\/ld+json\" class=\"yoast-schema-graph\">{\"@context\":\"https:\/\/schema.org\",\"@graph\":[{\"@type\":\"WebPage\",\"@id\":\"https:\/\/yogaparaelcambio.com\/politica-de-privacidad\",\"url\":\"https:\/\/yogaparaelcambio.com\/politica-de-privacidad\",\"name\":\"Politica de privacidad - Yoga para el cambio\",\"isPartOf\":{\"@id\":\"https:\/\/yogaparaelcambio.com\/#website\"},\"datePublished\":\"2018-05-24T16:27:40+00:00\",\"dateModified\":\"2018-10-30T13:36:26+00:00\",\"breadcrumb\":{\"@id\":\"https:\/\/yogaparaelcambio.com\/politica-de-privacidad#breadcrumb\"},\"inLanguage\":\"en-GB\",\"potentialAction\":[{\"@type\":\"ReadAction\",\"target\":[\"https:\/\/yogaparaelcambio.com\/politica-de-privacidad\"]}]},{\"@type\":\"BreadcrumbList\",\"@id\":\"https:\/\/yogaparaelcambio.com\/politica-de-privacidad#breadcrumb\",\"itemListElement\":[{\"@type\":\"ListItem\",\"position\":1,\"name\":\"Portada\",\"item\":\"https:\/\/yogaparaelcambio.com\/\"},{\"@type\":\"ListItem\",\"position\":2,\"name\":\"Politica de privacidad\"}]},{\"@type\":\"WebSite\",\"@id\":\"https:\/\/yogaparaelcambio.com\/#website\",\"url\":\"https:\/\/yogaparaelcambio.com\/\",\"name\":\"Yoga para el cambio\",\"description\":\"Yoga Flow, Breathwork, Healing\",\"publisher\":{\"@id\":\"https:\/\/yogaparaelcambio.com\/#organization\"},\"potentialAction\":[{\"@type\":\"SearchAction\",\"target\":{\"@type\":\"EntryPoint\",\"urlTemplate\":\"https:\/\/yogaparaelcambio.com\/?s={search_term_string}\"},\"query-input\":\"required name=search_term_string\"}],\"inLanguage\":\"en-GB\"},{\"@type\":\"Organization\",\"@id\":\"https:\/\/yogaparaelcambio.com\/#organization\",\"name\":\"Yoga para el cambio\",\"url\":\"https:\/\/yogaparaelcambio.com\/\",\"logo\":{\"@type\":\"ImageObject\",\"inLanguage\":\"en-GB\",\"@id\":\"https:\/\/yogaparaelcambio.com\/#\/schema\/logo\/image\/\",\"url\":\"https:\/\/yogaparaelcambio.com\/wp-content\/uploads\/2018\/01\/cropped-logo-ypc.jpg\",\"contentUrl\":\"https:\/\/yogaparaelcambio.com\/wp-content\/uploads\/2018\/01\/cropped-logo-ypc.jpg\",\"width\":512,\"height\":512,\"caption\":\"Yoga para el cambio\"},\"image\":{\"@id\":\"https:\/\/yogaparaelcambio.com\/#\/schema\/logo\/image\/\"},\"sameAs\":[\"https:\/\/www.facebook.com\/cristinamadridyoga\",\"https:\/\/www.instagram.com\/cristinamadridyoga\/\"]}]}<\/script>\n<!-- \/ Yoast SEO plugin. -->","yoast_head_json":{"title":"Politica de privacidad - Yoga para el cambio","robots":{"index":"index","follow":"follow","max-snippet":"max-snippet:-1","max-image-preview":"max-image-preview:large","max-video-preview":"max-video-preview:-1"},"canonical":"https:\/\/yogaparaelcambio.com\/en\/politica-de-privacidad\/","og_locale":"en_GB","og_type":"article","og_title":"Politica de privacidad - Yoga para el cambio","og_url":"https:\/\/yogaparaelcambio.com\/en\/politica-de-privacidad\/","og_site_name":"Yoga para el cambio","article_publisher":"https:\/\/www.facebook.com\/cristinamadridyoga","article_modified_time":"2018-10-30T13:36:26+00:00","twitter_card":"summary_large_image","twitter_misc":{"Estimated reading time":"8 minutes"},"schema":{"@context":"https:\/\/schema.org","@graph":[{"@type":"WebPage","@id":"https:\/\/yogaparaelcambio.com\/politica-de-privacidad","url":"https:\/\/yogaparaelcambio.com\/politica-de-privacidad","name":"Politica de privacidad - Yoga para el cambio","isPartOf":{"@id":"https:\/\/yogaparaelcambio.com\/#website"},"datePublished":"2018-05-24T16:27:40+00:00","dateModified":"2018-10-30T13:36:26+00:00","breadcrumb":{"@id":"https:\/\/yogaparaelcambio.com\/politica-de-privacidad#breadcrumb"},"inLanguage":"en-GB","potentialAction":[{"@type":"ReadAction","target":["https:\/\/yogaparaelcambio.com\/politica-de-privacidad"]}]},{"@type":"BreadcrumbList","@id":"https:\/\/yogaparaelcambio.com\/politica-de-privacidad#breadcrumb","itemListElement":[{"@type":"ListItem","position":1,"name":"Portada","item":"https:\/\/yogaparaelcambio.com\/"},{"@type":"ListItem","position":2,"name":"Politica de privacidad"}]},{"@type":"WebSite","@id":"https:\/\/yogaparaelcambio.com\/#website","url":"https:\/\/yogaparaelcambio.com\/","name":"Yoga para el cambio","description":"Yoga Flow, Breathwork, Healing","publisher":{"@id":"https:\/\/yogaparaelcambio.com\/#organization"},"potentialAction":[{"@type":"SearchAction","target":{"@type":"EntryPoint","urlTemplate":"https:\/\/yogaparaelcambio.com\/?s={search_term_string}"},"query-input":"required name=search_term_string"}],"inLanguage":"en-GB"},{"@type":"Organization","@id":"https:\/\/yogaparaelcambio.com\/#organization","name":"Yoga para el cambio","url":"https:\/\/yogaparaelcambio.com\/","logo":{"@type":"ImageObject","inLanguage":"en-GB","@id":"https:\/\/yogaparaelcambio.com\/#\/schema\/logo\/image\/","url":"https:\/\/yogaparaelcambio.com\/wp-content\/uploads\/2018\/01\/cropped-logo-ypc.jpg","contentUrl":"https:\/\/yogaparaelcambio.com\/wp-content\/uploads\/2018\/01\/cropped-logo-ypc.jpg","width":512,"height":512,"caption":"Yoga para el cambio"},"image":{"@id":"https:\/\/yogaparaelcambio.com\/#\/schema\/logo\/image\/"},"sameAs":["https:\/\/www.facebook.com\/cristinamadridyoga","https:\/\/www.instagram.com\/cristinamadridyoga\/"]}]}},"_links":{"self":[{"href":"https:\/\/yogaparaelcambio.com\/en\/wp-json\/wp\/v2\/pages\/760"}],"collection":[{"href":"https:\/\/yogaparaelcambio.com\/en\/wp-json\/wp\/v2\/pages"}],"about":[{"href":"https:\/\/yogaparaelcambio.com\/en\/wp-json\/wp\/v2\/types\/page"}],"author":[{"embeddable":true,"href":"https:\/\/yogaparaelcambio.com\/en\/wp-json\/wp\/v2\/users\/1"}],"replies":[{"embeddable":true,"href":"https:\/\/yogaparaelcambio.com\/en\/wp-json\/wp\/v2\/comments?post=760"}],"version-history":[{"count":3,"href":"https:\/\/yogaparaelcambio.com\/en\/wp-json\/wp\/v2\/pages\/760\/revisions"}],"predecessor-version":[{"id":1068,"href":"https:\/\/yogaparaelcambio.com\/en\/wp-json\/wp\/v2\/pages\/760\/revisions\/1068"}],"wp:attachment":[{"href":"https:\/\/yogaparaelcambio.com\/en\/wp-json\/wp\/v2\/media?parent=760"}],"curies":[{"name":"wp","href":"https:\/\/api.w.org\/{rel}","templated":true}]}}